{"id":3246,"date":"2017-01-17T05:40:33","date_gmt":"2017-01-17T11:40:33","guid":{"rendered":"https:\/\/jdc.local\/nondiscriminatory-policy"},"modified":"2023-10-12T15:50:37","modified_gmt":"2023-10-12T21:50:37","slug":"politica-no-discriminatoria","status":"publish","type":"page","link":"https:\/\/www.jeffersondentalclinics.com\/es\/politica-no-discriminatoria","title":{"rendered":"Pol\u00edtica no discriminatoria"},"content":{"rendered":"<p>&nbsp;<\/p>\n<p><strong>Ap\u00e9ndice A de la Parte 92: Modelo de aviso que informa a las personas sobre los requisitos de no discriminaci\u00f3n y accesibilidad y Modelo de declaraci\u00f3n de no discriminaci\u00f3n:<\/strong><\/p>\n<h2>La discriminaci\u00f3n es ilegal<\/h2>\n<p data-pm-slice=\"1 1 []\">JDC Healthcare Management, LLC, d\/b\/a Jefferson Dental &amp; Orthodontics y The Smile Center cumple con las leyes federales de derechos civiles aplicables y no discrimina por motivos de raza, color, nacionalidad, edad, discapacidad o sexo. Jefferson Dental &amp; Orthodontics no excluye a las personas ni las trata de manera diferente debido a su raza, color, nacionalidad, edad, discapacidad o sexo.<\/p>\n<h3>Jefferson Dental &amp; Orthodontics\/The Smile Center:<\/h3>\n<ul>\n<li>Brinda ayuda y servicios gratuitos a personas con discapacidades para que se comuniquen de manera efectiva con nosotros, tales como:\n<ul>\n<li>Int\u00e9rpretes calificados de lenguaje de se\u00f1as<\/li>\n<li>Informaci\u00f3n escrita en otros formatos (letra grande, audio, formatos electr\u00f3nicos accesibles, otros formatos)<\/li>\n<\/ul>\n<\/li>\n<li>Brinda servicios ling\u00fc\u00edsticos gratuitos a personas cuyo idioma principal no es el ingl\u00e9s, como:\n<ul>\n<li>Int\u00e9rpretes calificados<\/li>\n<li>Informaci\u00f3n escrita en otros idiomas<\/li>\n<\/ul>\n<\/li>\n<\/ul>\n<p data-pm-slice=\"1 1 []\">Si necesita estos servicios, comun\u00edquese con Cathy Gainey, VP, Recursos Humanos, al <u><a href=\"tel:972-663-5313\">972-663-5313<\/a><\/u> o <u><a class=\"ProsemirrorEditor-link\" href=\"mailto:hr@jdcweb.com\">hr@jdcweb.com<\/a><\/u>.<\/p>\n<p data-pm-slice=\"1 1 []\">Si cree que Jefferson Dental &amp; Orthodontics\/The Smile Center no le brind\u00f3 estos servicios o lo discrimin\u00f3 de otra manera por motivos de raza, color, nacionalidad, edad, discapacidad o sexo, puede presentar una queja ante Cathy Gainey, VP, Recursos Humanos, 3030 LBJ Freeway, Suite 1700, Dallas, TX 75234 <u><a href=\"tel:972-663-5313\">972-663-5313<\/a><\/u> (tel\u00e9fono), <u><a class=\"ProsemirrorEditor-link\" href=\"mailto:hr@jdcweb.com\">hr@jdcweb.com<\/a><\/u> (correo electr\u00f3nico). Si necesita ayuda para presentar una queja, Cathy Gainey, VP, Recursos Humanos, est\u00e1 disponible para ayudarle.<\/p>\n<p>Tambi\u00e9n puede presentar una queja de derechos civiles ante la Oficina de Derechos Civiles del Departamento de Salud y Servicios Humanos de EE. UU., Electr\u00f3nicamente a trav\u00e9s del Portal de quejas de la Oficina de Derechos Civiles, disponible en <a href=\"https:\/\/ocrportal.hhs.gov\/ocr\/smartscreen\/main.jsf\" target=\"_blank\" rel=\"noopener\">https:\/\/ocrportal.hhs.gov\/ocr\/smartscreen\/main .jsf<\/a> , o por correo postal o por tel\u00e9fono a:<\/p>\n<h4><a class=\"PrimaryLink BaseLink\" href=\"https:\/\/ocrportal.hhs.gov\/ocr\/smartscreen\/main.jsf\" target=\"_blank\" rel=\"noreferrer noopener\">Departamento de Salud y Servicios Humanos de EE. UU. &#8211; Oficina de Derechos Civiles<\/a><\/h4>\n<p>200 Independence Avenue, SW<br \/>\nHabitaci\u00f3n 509F, edificio HHH<br \/>\nWashington, DC 20201<\/p>\n<p><a href=\"tel:1-800-368-1019\" target=\"_blank\" rel=\"noopener\">1-800-368-1019<\/a> , <a href=\"tel:800-537-7697\" target=\"_blank\" rel=\"noopener\">800-537-7697<\/a> (TDD)<\/p>\n<p>Los formularios de quejas est\u00e1n disponibles en <a href=\"https:\/\/www.hhs.gov\/ocr\/filing-with-ocr\/index.html\" target=\"_blank\" rel=\"noopener\">https:\/\/www.hhs.gov\/ocr\/filing-with-ocr\/index.html<\/a> .<\/p>\n","protected":false},"excerpt":{"rendered":"<p>&nbsp; Ap\u00e9ndice A de la Parte 92: Modelo de aviso que informa a las personas sobre&hellip;<\/p>\n","protected":false},"author":7,"featured_media":3157,"parent":0,"menu_order":0,"comment_status":"closed","ping_status":"closed","template":"page-blank.php","meta":{"_acf_changed":false,"_et_pb_use_builder":"","_et_pb_old_content":"","_et_gb_content_width":"","_genesis_hide_title":false,"_genesis_hide_breadcrumbs":false,"_genesis_hide_singular_image":false,"_genesis_hide_footer_widgets":false,"_genesis_custom_body_class":"","_genesis_custom_post_class":"","_genesis_layout":"","footnotes":""},"class_list":{"0":"post-3246","1":"page","2":"type-page","3":"status-publish","4":"has-post-thumbnail","6":"entry","7":"col-md-4 col-sm-6 col-sx-12 not-first"},"acf":[],"yoast_head":"<!-- This site is optimized with the Yoast SEO plugin v26.3 - https:\/\/yoast.com\/wordpress\/plugins\/seo\/ -->\n<title>Pol\u00edtica no discriminatoria | Jefferson Dental &amp; Orthodontics<\/title>\n<meta name=\"description\" content=\"Ap\u00e9ndice A de la Parte 92: Modelo de aviso que informa a las personas sobre los requisitos de no discriminaci\u00f3n y accesibilidad y Modelo de declaraci\u00f3n de no discriminaci\u00f3n:\" \/>\n<meta name=\"robots\" content=\"index, follow, max-snippet:-1, max-image-preview:large, max-video-preview:-1\" \/>\n<link rel=\"canonical\" href=\"https:\/\/www.jeffersondentalclinics.com\/es\/politica-no-discriminatoria\" \/>\n<meta property=\"og:locale\" content=\"es_ES\" \/>\n<meta property=\"og:type\" content=\"article\" \/>\n<meta property=\"og:title\" content=\"Pol\u00edtica no discriminatoria | Jefferson Dental &amp; Orthodontics\" \/>\n<meta property=\"og:description\" content=\"Ap\u00e9ndice A de la Parte 92: Modelo de aviso que informa a las personas sobre los requisitos de no discriminaci\u00f3n y accesibilidad y Modelo de declaraci\u00f3n de no discriminaci\u00f3n:\" \/>\n<meta property=\"og:url\" content=\"https:\/\/www.jeffersondentalclinics.com\/es\/politica-no-discriminatoria\" \/>\n<meta property=\"og:site_name\" content=\"Jefferson Dental &amp; Orthodontics\" \/>\n<meta property=\"article:publisher\" content=\"https:\/\/www.facebook.com\/jeffersondental\/\" \/>\n<meta property=\"article:modified_time\" content=\"2023-10-12T21:50:37+00:00\" \/>\n<meta property=\"og:image\" content=\"https:\/\/www.jeffersondentalclinics.com\/wp-content\/uploads\/2017\/01\/hero_image.png\" \/>\n\t<meta property=\"og:image:width\" content=\"1920\" \/>\n\t<meta property=\"og:image:height\" content=\"210\" \/>\n\t<meta property=\"og:image:type\" content=\"image\/png\" \/>\n<meta name=\"twitter:card\" content=\"summary_large_image\" \/>\n<meta name=\"twitter:label1\" content=\"Tiempo de lectura\" \/>\n\t<meta name=\"twitter:data1\" content=\"2 minutos\" \/>\n<script type=\"application\/ld+json\" class=\"yoast-schema-graph\">{\"@context\":\"https:\/\/schema.org\",\"@graph\":[{\"@type\":\"WebPage\",\"@id\":\"https:\/\/www.jeffersondentalclinics.com\/es\/politica-no-discriminatoria\",\"url\":\"https:\/\/www.jeffersondentalclinics.com\/es\/politica-no-discriminatoria\",\"name\":\"Pol\u00edtica no discriminatoria | Jefferson Dental &amp; Orthodontics\",\"isPartOf\":{\"@id\":\"https:\/\/www.jeffersondentalclinics.com\/es#website\"},\"primaryImageOfPage\":{\"@id\":\"https:\/\/www.jeffersondentalclinics.com\/es\/politica-no-discriminatoria#primaryimage\"},\"image\":{\"@id\":\"https:\/\/www.jeffersondentalclinics.com\/es\/politica-no-discriminatoria#primaryimage\"},\"thumbnailUrl\":\"https:\/\/www.jeffersondentalclinics.com\/wp-content\/uploads\/2017\/01\/hero_image.png\",\"datePublished\":\"2017-01-17T11:40:33+00:00\",\"dateModified\":\"2023-10-12T21:50:37+00:00\",\"description\":\"Ap\u00e9ndice A de la Parte 92: Modelo de aviso que informa a las personas sobre los requisitos de no discriminaci\u00f3n y accesibilidad y Modelo de declaraci\u00f3n de no discriminaci\u00f3n:\",\"breadcrumb\":{\"@id\":\"https:\/\/www.jeffersondentalclinics.com\/es\/politica-no-discriminatoria#breadcrumb\"},\"inLanguage\":\"es\",\"potentialAction\":[{\"@type\":\"ReadAction\",\"target\":[\"https:\/\/www.jeffersondentalclinics.com\/es\/politica-no-discriminatoria\"]}]},{\"@type\":\"ImageObject\",\"inLanguage\":\"es\",\"@id\":\"https:\/\/www.jeffersondentalclinics.com\/es\/politica-no-discriminatoria#primaryimage\",\"url\":\"https:\/\/www.jeffersondentalclinics.com\/wp-content\/uploads\/2017\/01\/hero_image.png\",\"contentUrl\":\"https:\/\/www.jeffersondentalclinics.com\/wp-content\/uploads\/2017\/01\/hero_image.png\",\"width\":1920,\"height\":210},{\"@type\":\"BreadcrumbList\",\"@id\":\"https:\/\/www.jeffersondentalclinics.com\/es\/politica-no-discriminatoria#breadcrumb\",\"itemListElement\":[{\"@type\":\"ListItem\",\"position\":1,\"name\":\"Home\",\"item\":\"https:\/\/www.jeffersondentalclinics.com\/es\"},{\"@type\":\"ListItem\",\"position\":2,\"name\":\"Pol\u00edtica no discriminatoria\"}]},{\"@type\":\"WebSite\",\"@id\":\"https:\/\/www.jeffersondentalclinics.com\/es#website\",\"url\":\"https:\/\/www.jeffersondentalclinics.com\/es\",\"name\":\"Jefferson Dental &amp; Orthodontics\",\"description\":\"\",\"publisher\":{\"@id\":\"https:\/\/www.jeffersondentalclinics.com\/es#organization\"},\"potentialAction\":[{\"@type\":\"SearchAction\",\"target\":{\"@type\":\"EntryPoint\",\"urlTemplate\":\"https:\/\/www.jeffersondentalclinics.com\/es?s={search_term_string}\"},\"query-input\":{\"@type\":\"PropertyValueSpecification\",\"valueRequired\":true,\"valueName\":\"search_term_string\"}}],\"inLanguage\":\"es\"},{\"@type\":\"Organization\",\"@id\":\"https:\/\/www.jeffersondentalclinics.com\/es#organization\",\"name\":\"Jefferson Dental & Orthodontics\",\"url\":\"https:\/\/www.jeffersondentalclinics.com\/es\",\"logo\":{\"@type\":\"ImageObject\",\"inLanguage\":\"es\",\"@id\":\"https:\/\/www.jeffersondentalclinics.com\/es#\/schema\/logo\/image\/\",\"url\":\"https:\/\/www.jeffersondentalclinics.com\/wp-content\/uploads\/2018\/01\/JDCare-Blue-Logo-Color-Tooth.png\",\"contentUrl\":\"https:\/\/www.jeffersondentalclinics.com\/wp-content\/uploads\/2018\/01\/JDCare-Blue-Logo-Color-Tooth.png\",\"width\":1920,\"height\":441,\"caption\":\"Jefferson Dental & Orthodontics\"},\"image\":{\"@id\":\"https:\/\/www.jeffersondentalclinics.com\/es#\/schema\/logo\/image\/\"},\"sameAs\":[\"https:\/\/www.facebook.com\/jeffersondental\/\"]}]}<\/script>\n<!-- \/ Yoast SEO plugin. -->","yoast_head_json":{"title":"Pol\u00edtica no discriminatoria | Jefferson Dental &amp; Orthodontics","description":"Ap\u00e9ndice A de la Parte 92: Modelo de aviso que informa a las personas sobre los requisitos de no discriminaci\u00f3n y accesibilidad y Modelo de declaraci\u00f3n de no discriminaci\u00f3n:","robots":{"index":"index","follow":"follow","max-snippet":"max-snippet:-1","max-image-preview":"max-image-preview:large","max-video-preview":"max-video-preview:-1"},"canonical":"https:\/\/www.jeffersondentalclinics.com\/es\/politica-no-discriminatoria","og_locale":"es_ES","og_type":"article","og_title":"Pol\u00edtica no discriminatoria | Jefferson Dental &amp; Orthodontics","og_description":"Ap\u00e9ndice A de la Parte 92: Modelo de aviso que informa a las personas sobre los requisitos de no discriminaci\u00f3n y accesibilidad y Modelo de declaraci\u00f3n de no discriminaci\u00f3n:","og_url":"https:\/\/www.jeffersondentalclinics.com\/es\/politica-no-discriminatoria","og_site_name":"Jefferson Dental &amp; Orthodontics","article_publisher":"https:\/\/www.facebook.com\/jeffersondental\/","article_modified_time":"2023-10-12T21:50:37+00:00","og_image":[{"width":1920,"height":210,"url":"https:\/\/www.jeffersondentalclinics.com\/wp-content\/uploads\/2017\/01\/hero_image.png","type":"image\/png"}],"twitter_card":"summary_large_image","twitter_misc":{"Tiempo de lectura":"2 minutos"},"schema":{"@context":"https:\/\/schema.org","@graph":[{"@type":"WebPage","@id":"https:\/\/www.jeffersondentalclinics.com\/es\/politica-no-discriminatoria","url":"https:\/\/www.jeffersondentalclinics.com\/es\/politica-no-discriminatoria","name":"Pol\u00edtica no discriminatoria | Jefferson Dental &amp; Orthodontics","isPartOf":{"@id":"https:\/\/www.jeffersondentalclinics.com\/es#website"},"primaryImageOfPage":{"@id":"https:\/\/www.jeffersondentalclinics.com\/es\/politica-no-discriminatoria#primaryimage"},"image":{"@id":"https:\/\/www.jeffersondentalclinics.com\/es\/politica-no-discriminatoria#primaryimage"},"thumbnailUrl":"https:\/\/www.jeffersondentalclinics.com\/wp-content\/uploads\/2017\/01\/hero_image.png","datePublished":"2017-01-17T11:40:33+00:00","dateModified":"2023-10-12T21:50:37+00:00","description":"Ap\u00e9ndice A de la Parte 92: Modelo de aviso que informa a las personas sobre los requisitos de no discriminaci\u00f3n y accesibilidad y Modelo de declaraci\u00f3n de no discriminaci\u00f3n:","breadcrumb":{"@id":"https:\/\/www.jeffersondentalclinics.com\/es\/politica-no-discriminatoria#breadcrumb"},"inLanguage":"es","potentialAction":[{"@type":"ReadAction","target":["https:\/\/www.jeffersondentalclinics.com\/es\/politica-no-discriminatoria"]}]},{"@type":"ImageObject","inLanguage":"es","@id":"https:\/\/www.jeffersondentalclinics.com\/es\/politica-no-discriminatoria#primaryimage","url":"https:\/\/www.jeffersondentalclinics.com\/wp-content\/uploads\/2017\/01\/hero_image.png","contentUrl":"https:\/\/www.jeffersondentalclinics.com\/wp-content\/uploads\/2017\/01\/hero_image.png","width":1920,"height":210},{"@type":"BreadcrumbList","@id":"https:\/\/www.jeffersondentalclinics.com\/es\/politica-no-discriminatoria#breadcrumb","itemListElement":[{"@type":"ListItem","position":1,"name":"Home","item":"https:\/\/www.jeffersondentalclinics.com\/es"},{"@type":"ListItem","position":2,"name":"Pol\u00edtica no discriminatoria"}]},{"@type":"WebSite","@id":"https:\/\/www.jeffersondentalclinics.com\/es#website","url":"https:\/\/www.jeffersondentalclinics.com\/es","name":"Jefferson Dental &amp; Orthodontics","description":"","publisher":{"@id":"https:\/\/www.jeffersondentalclinics.com\/es#organization"},"potentialAction":[{"@type":"SearchAction","target":{"@type":"EntryPoint","urlTemplate":"https:\/\/www.jeffersondentalclinics.com\/es?s={search_term_string}"},"query-input":{"@type":"PropertyValueSpecification","valueRequired":true,"valueName":"search_term_string"}}],"inLanguage":"es"},{"@type":"Organization","@id":"https:\/\/www.jeffersondentalclinics.com\/es#organization","name":"Jefferson Dental & Orthodontics","url":"https:\/\/www.jeffersondentalclinics.com\/es","logo":{"@type":"ImageObject","inLanguage":"es","@id":"https:\/\/www.jeffersondentalclinics.com\/es#\/schema\/logo\/image\/","url":"https:\/\/www.jeffersondentalclinics.com\/wp-content\/uploads\/2018\/01\/JDCare-Blue-Logo-Color-Tooth.png","contentUrl":"https:\/\/www.jeffersondentalclinics.com\/wp-content\/uploads\/2018\/01\/JDCare-Blue-Logo-Color-Tooth.png","width":1920,"height":441,"caption":"Jefferson Dental & Orthodontics"},"image":{"@id":"https:\/\/www.jeffersondentalclinics.com\/es#\/schema\/logo\/image\/"},"sameAs":["https:\/\/www.facebook.com\/jeffersondental\/"]}]}},"_links":{"self":[{"href":"https:\/\/www.jeffersondentalclinics.com\/es\/wp-json\/wp\/v2\/pages\/3246","targetHints":{"allow":["GET"]}}],"collection":[{"href":"https:\/\/www.jeffersondentalclinics.com\/es\/wp-json\/wp\/v2\/pages"}],"about":[{"href":"https:\/\/www.jeffersondentalclinics.com\/es\/wp-json\/wp\/v2\/types\/page"}],"author":[{"embeddable":true,"href":"https:\/\/www.jeffersondentalclinics.com\/es\/wp-json\/wp\/v2\/users\/7"}],"replies":[{"embeddable":true,"href":"https:\/\/www.jeffersondentalclinics.com\/es\/wp-json\/wp\/v2\/comments?post=3246"}],"version-history":[{"count":0,"href":"https:\/\/www.jeffersondentalclinics.com\/es\/wp-json\/wp\/v2\/pages\/3246\/revisions"}],"wp:featuredmedia":[{"embeddable":true,"href":"https:\/\/www.jeffersondentalclinics.com\/es\/wp-json\/wp\/v2\/media\/3157"}],"wp:attachment":[{"href":"https:\/\/www.jeffersondentalclinics.com\/es\/wp-json\/wp\/v2\/media?parent=3246"}],"curies":[{"name":"wp","href":"https:\/\/api.w.org\/{rel}","templated":true}]}}