{"id":3244,"date":"2017-01-17T05:39:55","date_gmt":"2017-01-17T11:39:55","guid":{"rendered":"https:\/\/jdc.local\/privacy-policy"},"modified":"2025-02-28T16:39:02","modified_gmt":"2025-02-28T22:39:02","slug":"privacidad","status":"publish","type":"page","link":"https:\/\/www.jeffersondentalclinics.com\/es\/privacidad","title":{"rendered":"Privacidad"},"content":{"rendered":"<p>Salvaguardar su privacidad es importante para nosotros. JDC Healthcare Management, LLC. ha producido esta declaraci\u00f3n de privacidad en l\u00ednea para revelar qu\u00e9 informaci\u00f3n se recopila cuando una persona visita nuestro sitio web. Tambi\u00e9n revela por qu\u00e9 recopilamos informaci\u00f3n y qu\u00e9 hacemos con ella. Esta declaraci\u00f3n se aplica solo a la informaci\u00f3n recopilada a trav\u00e9s del sitio web.<\/p>\n<h3>Tipos de informaci\u00f3n recopilada por nuestro sitio web<\/h3>\n<p style=\"margin-bottom: 10px;\">Cuando navegas por nuestro sitio web, jeffersondentalclinics.com, no recogemos informaci\u00f3n personal identificable (IPI), como tu nombre, direcci\u00f3n f\u00edsica, n\u00famero de tel\u00e9fono o direcci\u00f3n de correo electr\u00f3nico. Sin embargo, podemos rastrear c\u00f3mo se utiliza nuestro sitio web mediante la recopilaci\u00f3n y el almacenamiento temporal de informaci\u00f3n, que incluye:<\/p>\n<ul>\n<li>El nombre de dominio desde el que accede a nuestro sitio<\/li>\n<li>Su direcci\u00f3n IP<\/li>\n<li>Informaci\u00f3n sobre su sistema operativo y navegador<\/li>\n<li>Hora y fecha de su visita<\/li>\n<li>P\u00e1ginas que visitaste<\/li>\n<li>URL del sitio web al que te conectaste<\/li>\n<\/ul>\n<div class=\"p-rich_text_section\">Cuando se convierte en un usuario registrado en nuestro sitio, se suscribe a las publicaciones de JDC Healthcare, compra productos de JDC Healthcare, solicita la membres\u00eda de JDC Healthcare, participa en encuestas en l\u00ednea, solicita informaci\u00f3n o materiales y env\u00eda preguntas o comentarios a nuestro sitio, JDC Healthcare puede recopilar PII, incluyendo:<\/div>\n<ul class=\"p-rich_text_list p-rich_text_list__bullet\" data-stringify-type=\"unordered-list\" data-indent=\"0\" data-border=\"0\">\n<li data-stringify-indent=\"0\" data-stringify-border=\"0\">Nombre<\/li>\n<li data-stringify-indent=\"0\" data-stringify-border=\"0\">Direcci\u00f3n<\/li>\n<li data-stringify-indent=\"0\" data-stringify-border=\"0\">N\u00famero de tel\u00e9fono<\/li>\n<li data-stringify-indent=\"0\" data-stringify-border=\"0\">Fecha de nacimiento<\/li>\n<li data-stringify-indent=\"0\" data-stringify-border=\"0\">Informaci\u00f3n de facturaci\u00f3n y entrega<\/li>\n<li data-stringify-indent=\"0\" data-stringify-border=\"0\">Direcci\u00f3n de correo electr\u00f3nico<\/li>\n<li data-stringify-indent=\"0\" data-stringify-border=\"0\">Informaci\u00f3n de la tarjeta de cr\u00e9dito<\/li>\n<li data-stringify-indent=\"0\" data-stringify-border=\"0\">Informaci\u00f3n demogr\u00e1fica<\/li>\n<li data-stringify-indent=\"0\" data-stringify-border=\"0\">N\u00famero de la Seguridad Social (a efectos de verificaci\u00f3n del seguro)<\/li>\n<\/ul>\n<div class=\"p-rich_text_section\">\n<p>Tu informaci\u00f3n se recoge mediante un software que cumple la HIPAA para proteger tu privacidad.<\/p>\n<\/div>\n<h3>Por qu\u00e9 recopilamos informaci\u00f3n<\/h3>\n<p>JDC Healthcare recopila informaci\u00f3n no personal de los visitantes del sitio web mediante el uso de cookies e im\u00e1genes electr\u00f3nicas transparentes, incluidos GIF transparentes, balizas web, web bugs e im\u00e1genes destacadas para comprender mejor c\u00f3mo los visitantes utilizan nuestro sitio web. Los datos recopilados no personales nos ayudan a analizar qu\u00e9 informaci\u00f3n es m\u00e1s \u00fatil para los visitantes para que podamos hacer que nuestro sitio web sea m\u00e1s informativo y f\u00e1cil de usar. Adem\u00e1s, los datos recopilados no personales nos permiten personalizar la experiencia del usuario y reorientar con anuncios y otras comunicaciones de marketing con beneficios y caracter\u00edsticas espec\u00edficas basadas en los h\u00e1bitos de navegaci\u00f3n del usuario. Tambi\u00e9n recopilamos cierta informaci\u00f3n a trav\u00e9s de anuncios publicitarios en nuestro sitio web. En ning\u00fan momento JDC Healthcare solicita a sabiendas datos o comercializa en l\u00ednea a ni\u00f1os menores de 13 a\u00f1os.<\/p>\n<p>Adem\u00e1s, el almacenamiento de informaci\u00f3n permite a los usuarios registrados navegar por \u00e1reas restringidas del sitio sin volver a registrarse. Tambi\u00e9n permite a los usuarios acceder al sitio sin enviar un ID de usuario o contrase\u00f1a. Finalmente, la recopilaci\u00f3n de informaci\u00f3n contribuye a la seguridad de nuestro sitio web.<\/p>\n<h3 style=\"font-size: 16px;\">Galletas<\/h3>\n<p>JDC Healthcare utiliza tres tipos de cookies, incluidas las cookies de corta duraci\u00f3n, las cookies persistentes y las cookies de larga duraci\u00f3n. Las cookies son necesarias tanto para el comercio electr\u00f3nico como para las partes de nuestro sitio web solo para miembros.<\/p>\n<h3 style=\"font-size: 16px;\">Terceros<\/h3>\n<p>Los terceros utilizan tres tipos de cookies, incluidas las cookies de corta duraci\u00f3n, las cookies persistentes y las cookies de larga duraci\u00f3n. Las cookies son necesarias para interactuar con nuestros servicios web. Nuestros socios pueden recopilar informaci\u00f3n no personal como su direcci\u00f3n IP, ID de dispositivo, comportamiento de compra e informaci\u00f3n sobre su navegador o sistema operativo. Podemos compartir informaci\u00f3n sobre usted, como su correo electr\u00f3nico u otro identificador con nuestros socios. Si lo hacemos, siempre lo compartimos en una forma no legible por humanos para garantizar la seguridad de su informaci\u00f3n. Nuestros socios pueden combinar nuestra informaci\u00f3n personal y no personal sobre usted con informaci\u00f3n de otras fuentes, y pueden colocar o reconocer una cookie \u00fanica en su navegador en un esfuerzo por ayudarnos a comunicarnos mejor con usted a trav\u00e9s de correo electr\u00f3nico y reorientaci\u00f3n por correo directo. Las tecnolog\u00edas distintas de las cookies http pueden ser utilizadas por terceros de manera similar para reconocer la computadora o el dispositivo de los destinatarios del correo electr\u00f3nico y para realizar un seguimiento de qu\u00e9 identidades de usuario coinciden con qu\u00e9 dispositivos o navegadores, y esas tecnolog\u00edas pueden no responder a la configuraci\u00f3n del navegador que bloquea las cookies convencionales.<\/p>\n<p>Para m\u00e1s informaci\u00f3n, consulta nuestra <a href=\"https:\/\/www.jeffersondentalclinics.com\/cookie-policy\">pol\u00edtica de cookies<\/a>.<\/p>\n<h3>T\u00e9rminos y Condiciones<\/h3>\n<p>Visita tambi\u00e9n nuestra secci\u00f3n de T\u00e9rminos y Condiciones en la que se establecen el uso, las exenciones de responsabilidad y las limitaciones de responsabilidad que rigen el uso de nuestro sitio web en  <a href=\"https:\/\/www.jeffersondentalclinics.com\/terms\">https:\/\/www.jeffersondentalclinics.com\/terms<\/a><\/p>\n<h3>Cambios en nuestra Pol\u00edtica de Privacidad<\/h3>\n<p>Si decidimos cambiar nuestra pol\u00edtica de privacidad, publicaremos esos cambios en esta p\u00e1gina y\/o actualizaremos la fecha de modificaci\u00f3n de la Pol\u00edtica de privacidad a continuaci\u00f3n.<\/p>\n<p>Esta pol\u00edtica se modific\u00f3 por \u00faltima vez el 5 de mayo de 2022<\/p>\n<h3>Contactando con nosotros<\/h3>\n<p>Si tiene alguna pregunta con respecto a esta pol\u00edtica de privacidad, puede contactarnos utilizando la informaci\u00f3n a continuaci\u00f3n.<\/p>\n<p>JDC Healthcare Management, LLC<\/p>\n<p>3030 Autopista LBJ Suite 1700<\/p>\n<p>Dallas, Texas 75234<\/p>\n<p><a href=\"mailto:WeLoveOurPatients@jeffersondentalclinics.com\">WeLoveOurPatients@jeffersondentalclinics.com<\/a><\/p>\n","protected":false},"excerpt":{"rendered":"<p>Salvaguardar su privacidad es importante para nosotros. JDC Healthcare Management, LLC. ha producido esta declaraci\u00f3n de&hellip;<\/p>\n","protected":false},"author":7,"featured_media":3157,"parent":0,"menu_order":0,"comment_status":"closed","ping_status":"closed","template":"page-blank.php","meta":{"_acf_changed":false,"_et_pb_use_builder":"","_et_pb_old_content":"","_et_gb_content_width":"","_genesis_hide_title":false,"_genesis_hide_breadcrumbs":false,"_genesis_hide_singular_image":false,"_genesis_hide_footer_widgets":false,"_genesis_custom_body_class":"","_genesis_custom_post_class":"","_genesis_layout":"","footnotes":""},"class_list":{"0":"post-3244","1":"page","2":"type-page","3":"status-publish","4":"has-post-thumbnail","6":"entry","7":"col-md-4 col-sm-6 col-sx-12 not-first"},"acf":[],"yoast_head":"<!-- This site is optimized with the Yoast SEO plugin v26.3 - https:\/\/yoast.com\/wordpress\/plugins\/seo\/ -->\n<title>Privacidad | Jefferson Dental &amp; Orthodontics<\/title>\n<meta name=\"description\" content=\"\u00bfQu\u00e9 informaci\u00f3n recopilamos? Recopilamos informaci\u00f3n de usted cuando completa una solicitud de cita o un formulario de contacto. Al registrarse en nuestro sitio, un\" \/>\n<meta name=\"robots\" content=\"index, follow, max-snippet:-1, max-image-preview:large, max-video-preview:-1\" \/>\n<link rel=\"canonical\" href=\"https:\/\/www.jeffersondentalclinics.com\/es\/privacidad\" \/>\n<meta property=\"og:locale\" content=\"es_ES\" \/>\n<meta property=\"og:type\" content=\"article\" \/>\n<meta property=\"og:title\" content=\"Privacidad | Jefferson Dental &amp; Orthodontics\" \/>\n<meta property=\"og:description\" content=\"\u00bfQu\u00e9 informaci\u00f3n recopilamos? Recopilamos informaci\u00f3n de usted cuando completa una solicitud de cita o un formulario de contacto. Al registrarse en nuestro sitio, un\" \/>\n<meta property=\"og:url\" content=\"https:\/\/www.jeffersondentalclinics.com\/es\/privacidad\" \/>\n<meta property=\"og:site_name\" content=\"Jefferson Dental &amp; Orthodontics\" \/>\n<meta property=\"article:publisher\" content=\"https:\/\/www.facebook.com\/jeffersondental\/\" \/>\n<meta property=\"article:modified_time\" content=\"2025-02-28T22:39:02+00:00\" \/>\n<meta property=\"og:image\" content=\"https:\/\/www.jeffersondentalclinics.com\/wp-content\/uploads\/2017\/01\/hero_image.png\" \/>\n\t<meta property=\"og:image:width\" content=\"1920\" \/>\n\t<meta property=\"og:image:height\" content=\"210\" \/>\n\t<meta property=\"og:image:type\" content=\"image\/png\" \/>\n<meta name=\"twitter:card\" content=\"summary_large_image\" \/>\n<meta name=\"twitter:label1\" content=\"Tiempo de lectura\" \/>\n\t<meta name=\"twitter:data1\" content=\"4 minutos\" \/>\n<script type=\"application\/ld+json\" class=\"yoast-schema-graph\">{\"@context\":\"https:\/\/schema.org\",\"@graph\":[{\"@type\":\"WebPage\",\"@id\":\"https:\/\/www.jeffersondentalclinics.com\/es\/privacidad\",\"url\":\"https:\/\/www.jeffersondentalclinics.com\/es\/privacidad\",\"name\":\"Privacidad | Jefferson Dental &amp; Orthodontics\",\"isPartOf\":{\"@id\":\"https:\/\/www.jeffersondentalclinics.com\/es#website\"},\"primaryImageOfPage\":{\"@id\":\"https:\/\/www.jeffersondentalclinics.com\/es\/privacidad#primaryimage\"},\"image\":{\"@id\":\"https:\/\/www.jeffersondentalclinics.com\/es\/privacidad#primaryimage\"},\"thumbnailUrl\":\"https:\/\/www.jeffersondentalclinics.com\/wp-content\/uploads\/2017\/01\/hero_image.png\",\"datePublished\":\"2017-01-17T11:39:55+00:00\",\"dateModified\":\"2025-02-28T22:39:02+00:00\",\"description\":\"\u00bfQu\u00e9 informaci\u00f3n recopilamos? Recopilamos informaci\u00f3n de usted cuando completa una solicitud de cita o un formulario de contacto. Al registrarse en nuestro sitio, un\",\"breadcrumb\":{\"@id\":\"https:\/\/www.jeffersondentalclinics.com\/es\/privacidad#breadcrumb\"},\"inLanguage\":\"es\",\"potentialAction\":[{\"@type\":\"ReadAction\",\"target\":[\"https:\/\/www.jeffersondentalclinics.com\/es\/privacidad\"]}]},{\"@type\":\"ImageObject\",\"inLanguage\":\"es\",\"@id\":\"https:\/\/www.jeffersondentalclinics.com\/es\/privacidad#primaryimage\",\"url\":\"https:\/\/www.jeffersondentalclinics.com\/wp-content\/uploads\/2017\/01\/hero_image.png\",\"contentUrl\":\"https:\/\/www.jeffersondentalclinics.com\/wp-content\/uploads\/2017\/01\/hero_image.png\",\"width\":1920,\"height\":210},{\"@type\":\"BreadcrumbList\",\"@id\":\"https:\/\/www.jeffersondentalclinics.com\/es\/privacidad#breadcrumb\",\"itemListElement\":[{\"@type\":\"ListItem\",\"position\":1,\"name\":\"Home\",\"item\":\"https:\/\/www.jeffersondentalclinics.com\/es\"},{\"@type\":\"ListItem\",\"position\":2,\"name\":\"Privacidad\"}]},{\"@type\":\"WebSite\",\"@id\":\"https:\/\/www.jeffersondentalclinics.com\/es#website\",\"url\":\"https:\/\/www.jeffersondentalclinics.com\/es\",\"name\":\"Jefferson Dental &amp; Orthodontics\",\"description\":\"\",\"publisher\":{\"@id\":\"https:\/\/www.jeffersondentalclinics.com\/es#organization\"},\"potentialAction\":[{\"@type\":\"SearchAction\",\"target\":{\"@type\":\"EntryPoint\",\"urlTemplate\":\"https:\/\/www.jeffersondentalclinics.com\/es?s={search_term_string}\"},\"query-input\":{\"@type\":\"PropertyValueSpecification\",\"valueRequired\":true,\"valueName\":\"search_term_string\"}}],\"inLanguage\":\"es\"},{\"@type\":\"Organization\",\"@id\":\"https:\/\/www.jeffersondentalclinics.com\/es#organization\",\"name\":\"Jefferson Dental & Orthodontics\",\"url\":\"https:\/\/www.jeffersondentalclinics.com\/es\",\"logo\":{\"@type\":\"ImageObject\",\"inLanguage\":\"es\",\"@id\":\"https:\/\/www.jeffersondentalclinics.com\/es#\/schema\/logo\/image\/\",\"url\":\"https:\/\/www.jeffersondentalclinics.com\/wp-content\/uploads\/2018\/01\/JDCare-Blue-Logo-Color-Tooth.png\",\"contentUrl\":\"https:\/\/www.jeffersondentalclinics.com\/wp-content\/uploads\/2018\/01\/JDCare-Blue-Logo-Color-Tooth.png\",\"width\":1920,\"height\":441,\"caption\":\"Jefferson Dental & Orthodontics\"},\"image\":{\"@id\":\"https:\/\/www.jeffersondentalclinics.com\/es#\/schema\/logo\/image\/\"},\"sameAs\":[\"https:\/\/www.facebook.com\/jeffersondental\/\"]}]}<\/script>\n<!-- \/ Yoast SEO plugin. -->","yoast_head_json":{"title":"Privacidad | Jefferson Dental &amp; Orthodontics","description":"\u00bfQu\u00e9 informaci\u00f3n recopilamos? Recopilamos informaci\u00f3n de usted cuando completa una solicitud de cita o un formulario de contacto. Al registrarse en nuestro sitio, un","robots":{"index":"index","follow":"follow","max-snippet":"max-snippet:-1","max-image-preview":"max-image-preview:large","max-video-preview":"max-video-preview:-1"},"canonical":"https:\/\/www.jeffersondentalclinics.com\/es\/privacidad","og_locale":"es_ES","og_type":"article","og_title":"Privacidad | Jefferson Dental &amp; Orthodontics","og_description":"\u00bfQu\u00e9 informaci\u00f3n recopilamos? Recopilamos informaci\u00f3n de usted cuando completa una solicitud de cita o un formulario de contacto. Al registrarse en nuestro sitio, un","og_url":"https:\/\/www.jeffersondentalclinics.com\/es\/privacidad","og_site_name":"Jefferson Dental &amp; Orthodontics","article_publisher":"https:\/\/www.facebook.com\/jeffersondental\/","article_modified_time":"2025-02-28T22:39:02+00:00","og_image":[{"width":1920,"height":210,"url":"https:\/\/www.jeffersondentalclinics.com\/wp-content\/uploads\/2017\/01\/hero_image.png","type":"image\/png"}],"twitter_card":"summary_large_image","twitter_misc":{"Tiempo de lectura":"4 minutos"},"schema":{"@context":"https:\/\/schema.org","@graph":[{"@type":"WebPage","@id":"https:\/\/www.jeffersondentalclinics.com\/es\/privacidad","url":"https:\/\/www.jeffersondentalclinics.com\/es\/privacidad","name":"Privacidad | Jefferson Dental &amp; Orthodontics","isPartOf":{"@id":"https:\/\/www.jeffersondentalclinics.com\/es#website"},"primaryImageOfPage":{"@id":"https:\/\/www.jeffersondentalclinics.com\/es\/privacidad#primaryimage"},"image":{"@id":"https:\/\/www.jeffersondentalclinics.com\/es\/privacidad#primaryimage"},"thumbnailUrl":"https:\/\/www.jeffersondentalclinics.com\/wp-content\/uploads\/2017\/01\/hero_image.png","datePublished":"2017-01-17T11:39:55+00:00","dateModified":"2025-02-28T22:39:02+00:00","description":"\u00bfQu\u00e9 informaci\u00f3n recopilamos? Recopilamos informaci\u00f3n de usted cuando completa una solicitud de cita o un formulario de contacto. Al registrarse en nuestro sitio, un","breadcrumb":{"@id":"https:\/\/www.jeffersondentalclinics.com\/es\/privacidad#breadcrumb"},"inLanguage":"es","potentialAction":[{"@type":"ReadAction","target":["https:\/\/www.jeffersondentalclinics.com\/es\/privacidad"]}]},{"@type":"ImageObject","inLanguage":"es","@id":"https:\/\/www.jeffersondentalclinics.com\/es\/privacidad#primaryimage","url":"https:\/\/www.jeffersondentalclinics.com\/wp-content\/uploads\/2017\/01\/hero_image.png","contentUrl":"https:\/\/www.jeffersondentalclinics.com\/wp-content\/uploads\/2017\/01\/hero_image.png","width":1920,"height":210},{"@type":"BreadcrumbList","@id":"https:\/\/www.jeffersondentalclinics.com\/es\/privacidad#breadcrumb","itemListElement":[{"@type":"ListItem","position":1,"name":"Home","item":"https:\/\/www.jeffersondentalclinics.com\/es"},{"@type":"ListItem","position":2,"name":"Privacidad"}]},{"@type":"WebSite","@id":"https:\/\/www.jeffersondentalclinics.com\/es#website","url":"https:\/\/www.jeffersondentalclinics.com\/es","name":"Jefferson Dental &amp; Orthodontics","description":"","publisher":{"@id":"https:\/\/www.jeffersondentalclinics.com\/es#organization"},"potentialAction":[{"@type":"SearchAction","target":{"@type":"EntryPoint","urlTemplate":"https:\/\/www.jeffersondentalclinics.com\/es?s={search_term_string}"},"query-input":{"@type":"PropertyValueSpecification","valueRequired":true,"valueName":"search_term_string"}}],"inLanguage":"es"},{"@type":"Organization","@id":"https:\/\/www.jeffersondentalclinics.com\/es#organization","name":"Jefferson Dental & Orthodontics","url":"https:\/\/www.jeffersondentalclinics.com\/es","logo":{"@type":"ImageObject","inLanguage":"es","@id":"https:\/\/www.jeffersondentalclinics.com\/es#\/schema\/logo\/image\/","url":"https:\/\/www.jeffersondentalclinics.com\/wp-content\/uploads\/2018\/01\/JDCare-Blue-Logo-Color-Tooth.png","contentUrl":"https:\/\/www.jeffersondentalclinics.com\/wp-content\/uploads\/2018\/01\/JDCare-Blue-Logo-Color-Tooth.png","width":1920,"height":441,"caption":"Jefferson Dental & Orthodontics"},"image":{"@id":"https:\/\/www.jeffersondentalclinics.com\/es#\/schema\/logo\/image\/"},"sameAs":["https:\/\/www.facebook.com\/jeffersondental\/"]}]}},"_links":{"self":[{"href":"https:\/\/www.jeffersondentalclinics.com\/es\/wp-json\/wp\/v2\/pages\/3244","targetHints":{"allow":["GET"]}}],"collection":[{"href":"https:\/\/www.jeffersondentalclinics.com\/es\/wp-json\/wp\/v2\/pages"}],"about":[{"href":"https:\/\/www.jeffersondentalclinics.com\/es\/wp-json\/wp\/v2\/types\/page"}],"author":[{"embeddable":true,"href":"https:\/\/www.jeffersondentalclinics.com\/es\/wp-json\/wp\/v2\/users\/7"}],"replies":[{"embeddable":true,"href":"https:\/\/www.jeffersondentalclinics.com\/es\/wp-json\/wp\/v2\/comments?post=3244"}],"version-history":[{"count":0,"href":"https:\/\/www.jeffersondentalclinics.com\/es\/wp-json\/wp\/v2\/pages\/3244\/revisions"}],"wp:featuredmedia":[{"embeddable":true,"href":"https:\/\/www.jeffersondentalclinics.com\/es\/wp-json\/wp\/v2\/media\/3157"}],"wp:attachment":[{"href":"https:\/\/www.jeffersondentalclinics.com\/es\/wp-json\/wp\/v2\/media?parent=3244"}],"curies":[{"name":"wp","href":"https:\/\/api.w.org\/{rel}","templated":true}]}}