{"id":1731,"date":"2017-01-20T08:09:30","date_gmt":"2017-01-20T14:09:30","guid":{"rendered":"https:\/\/jdc.local\/prensa"},"modified":"2020-11-30T11:36:57","modified_gmt":"2020-11-30T17:36:57","slug":"prensa","status":"publish","type":"page","link":"https:\/\/www.jeffersondentalclinics.com\/es\/prensa","title":{"rendered":"Prensa"},"content":{"rendered":"[et_pb_section admin_label=\u00bbsection\u00bb]\n\t\t[et_pb_row admin_label=\u00bbrow\u00bb]\n\t\t\t[et_pb_column type=\u00bb4_4&#8243;]\n\t\t\t\t[et_pb_text admin_label=\u00bbText\u00bb]\n<p>\t\t\t\t[\/et_pb_text]\n\t\t\t[\/et_pb_column]\n\t\t[\/et_pb_row]\n\t[\/et_pb_section]\n","protected":false},"excerpt":{"rendered":"<p>[et_pb_section admin_label=\u00bbsection\u00bb] [et_pb_row admin_label=\u00bbrow\u00bb] [et_pb_column type=\u00bb4_4&#8243;] [et_pb_text admin_label=\u00bbText\u00bb] [\/et_pb_text] [\/et_pb_column] [\/et_pb_row] [\/et_pb_section]<\/p>\n","protected":false},"author":7,"featured_media":3100,"parent":0,"menu_order":0,"comment_status":"closed","ping_status":"closed","template":"page_templates\/template-press.php","meta":{"_acf_changed":false,"_et_pb_use_builder":"","_et_pb_old_content":"","_et_gb_content_width":"","_genesis_hide_title":false,"_genesis_hide_breadcrumbs":false,"_genesis_hide_singular_image":false,"_genesis_hide_footer_widgets":false,"_genesis_custom_body_class":"","_genesis_custom_post_class":"","_genesis_layout":"full-width-content","footnotes":""},"class_list":{"0":"post-1731","1":"page","2":"type-page","3":"status-publish","4":"has-post-thumbnail","6":"entry","7":"col-md-4 col-sm-6 col-sx-12 not-first"},"acf":[],"yoast_head":"<!-- This site is optimized with the Yoast SEO plugin v26.3 - https:\/\/yoast.com\/wordpress\/plugins\/seo\/ -->\n<title>Prensa | Jefferson Dental &amp; Orthodontics<\/title>\n<meta name=\"description\" content=\"Obtenga m\u00e1s informaci\u00f3n sobre Jefferson Dental &amp; Orthodontics a trav\u00e9s de nuestras \u00faltimas noticias y cobertura de prensa.\" \/>\n<meta name=\"robots\" content=\"index, follow, max-snippet:-1, max-image-preview:large, max-video-preview:-1\" \/>\n<link rel=\"canonical\" href=\"https:\/\/www.jeffersondentalclinics.com\/es\/prensa\" \/>\n<meta property=\"og:locale\" content=\"es_ES\" \/>\n<meta property=\"og:type\" content=\"article\" \/>\n<meta property=\"og:title\" content=\"Prensa | Jefferson Dental &amp; Orthodontics\" \/>\n<meta property=\"og:description\" content=\"Obtenga m\u00e1s informaci\u00f3n sobre Jefferson Dental &amp; Orthodontics a trav\u00e9s de nuestras \u00faltimas noticias y cobertura de prensa.\" \/>\n<meta property=\"og:url\" content=\"https:\/\/www.jeffersondentalclinics.com\/es\/prensa\" \/>\n<meta property=\"og:site_name\" content=\"Jefferson Dental &amp; Orthodontics\" \/>\n<meta property=\"article:publisher\" content=\"https:\/\/www.facebook.com\/jeffersondental\/\" \/>\n<meta property=\"article:modified_time\" content=\"2020-11-30T17:36:57+00:00\" \/>\n<meta property=\"og:image\" content=\"https:\/\/www.jeffersondentalclinics.com\/wp-content\/uploads\/2017\/01\/OEOJOY0.png\" \/>\n\t<meta property=\"og:image:width\" content=\"1920\" \/>\n\t<meta property=\"og:image:height\" content=\"210\" \/>\n\t<meta property=\"og:image:type\" content=\"image\/png\" \/>\n<meta name=\"twitter:card\" content=\"summary_large_image\" \/>\n<script type=\"application\/ld+json\" class=\"yoast-schema-graph\">{\"@context\":\"https:\/\/schema.org\",\"@graph\":[{\"@type\":\"WebPage\",\"@id\":\"https:\/\/www.jeffersondentalclinics.com\/es\/prensa\",\"url\":\"https:\/\/www.jeffersondentalclinics.com\/es\/prensa\",\"name\":\"Prensa | Jefferson Dental &amp; Orthodontics\",\"isPartOf\":{\"@id\":\"https:\/\/www.jeffersondentalclinics.com\/es#website\"},\"primaryImageOfPage\":{\"@id\":\"https:\/\/www.jeffersondentalclinics.com\/es\/prensa#primaryimage\"},\"image\":{\"@id\":\"https:\/\/www.jeffersondentalclinics.com\/es\/prensa#primaryimage\"},\"thumbnailUrl\":\"https:\/\/www.jeffersondentalclinics.com\/wp-content\/uploads\/2017\/01\/OEOJOY0.png\",\"datePublished\":\"2017-01-20T14:09:30+00:00\",\"dateModified\":\"2020-11-30T17:36:57+00:00\",\"description\":\"Obtenga m\u00e1s informaci\u00f3n sobre Jefferson Dental & Orthodontics a trav\u00e9s de nuestras \u00faltimas noticias y cobertura de prensa.\",\"breadcrumb\":{\"@id\":\"https:\/\/www.jeffersondentalclinics.com\/es\/prensa#breadcrumb\"},\"inLanguage\":\"es\",\"potentialAction\":[{\"@type\":\"ReadAction\",\"target\":[\"https:\/\/www.jeffersondentalclinics.com\/es\/prensa\"]}]},{\"@type\":\"ImageObject\",\"inLanguage\":\"es\",\"@id\":\"https:\/\/www.jeffersondentalclinics.com\/es\/prensa#primaryimage\",\"url\":\"https:\/\/www.jeffersondentalclinics.com\/wp-content\/uploads\/2017\/01\/OEOJOY0.png\",\"contentUrl\":\"https:\/\/www.jeffersondentalclinics.com\/wp-content\/uploads\/2017\/01\/OEOJOY0.png\",\"width\":1920,\"height\":210},{\"@type\":\"BreadcrumbList\",\"@id\":\"https:\/\/www.jeffersondentalclinics.com\/es\/prensa#breadcrumb\",\"itemListElement\":[{\"@type\":\"ListItem\",\"position\":1,\"name\":\"Home\",\"item\":\"https:\/\/www.jeffersondentalclinics.com\/es\"},{\"@type\":\"ListItem\",\"position\":2,\"name\":\"Prensa\"}]},{\"@type\":\"WebSite\",\"@id\":\"https:\/\/www.jeffersondentalclinics.com\/es#website\",\"url\":\"https:\/\/www.jeffersondentalclinics.com\/es\",\"name\":\"Jefferson Dental &amp; Orthodontics\",\"description\":\"\",\"publisher\":{\"@id\":\"https:\/\/www.jeffersondentalclinics.com\/es#organization\"},\"potentialAction\":[{\"@type\":\"SearchAction\",\"target\":{\"@type\":\"EntryPoint\",\"urlTemplate\":\"https:\/\/www.jeffersondentalclinics.com\/es?s={search_term_string}\"},\"query-input\":{\"@type\":\"PropertyValueSpecification\",\"valueRequired\":true,\"valueName\":\"search_term_string\"}}],\"inLanguage\":\"es\"},{\"@type\":\"Organization\",\"@id\":\"https:\/\/www.jeffersondentalclinics.com\/es#organization\",\"name\":\"Jefferson Dental & Orthodontics\",\"url\":\"https:\/\/www.jeffersondentalclinics.com\/es\",\"logo\":{\"@type\":\"ImageObject\",\"inLanguage\":\"es\",\"@id\":\"https:\/\/www.jeffersondentalclinics.com\/es#\/schema\/logo\/image\/\",\"url\":\"https:\/\/www.jeffersondentalclinics.com\/wp-content\/uploads\/2018\/01\/JDCare-Blue-Logo-Color-Tooth.png\",\"contentUrl\":\"https:\/\/www.jeffersondentalclinics.com\/wp-content\/uploads\/2018\/01\/JDCare-Blue-Logo-Color-Tooth.png\",\"width\":1920,\"height\":441,\"caption\":\"Jefferson Dental & Orthodontics\"},\"image\":{\"@id\":\"https:\/\/www.jeffersondentalclinics.com\/es#\/schema\/logo\/image\/\"},\"sameAs\":[\"https:\/\/www.facebook.com\/jeffersondental\/\"]}]}<\/script>\n<!-- \/ Yoast SEO plugin. -->","yoast_head_json":{"title":"Prensa | Jefferson Dental &amp; Orthodontics","description":"Obtenga m\u00e1s informaci\u00f3n sobre Jefferson Dental & Orthodontics a trav\u00e9s de nuestras \u00faltimas noticias y cobertura de prensa.","robots":{"index":"index","follow":"follow","max-snippet":"max-snippet:-1","max-image-preview":"max-image-preview:large","max-video-preview":"max-video-preview:-1"},"canonical":"https:\/\/www.jeffersondentalclinics.com\/es\/prensa","og_locale":"es_ES","og_type":"article","og_title":"Prensa | Jefferson Dental &amp; Orthodontics","og_description":"Obtenga m\u00e1s informaci\u00f3n sobre Jefferson Dental & Orthodontics a trav\u00e9s de nuestras \u00faltimas noticias y cobertura de prensa.","og_url":"https:\/\/www.jeffersondentalclinics.com\/es\/prensa","og_site_name":"Jefferson Dental &amp; Orthodontics","article_publisher":"https:\/\/www.facebook.com\/jeffersondental\/","article_modified_time":"2020-11-30T17:36:57+00:00","og_image":[{"width":1920,"height":210,"url":"https:\/\/www.jeffersondentalclinics.com\/wp-content\/uploads\/2017\/01\/OEOJOY0.png","type":"image\/png"}],"twitter_card":"summary_large_image","schema":{"@context":"https:\/\/schema.org","@graph":[{"@type":"WebPage","@id":"https:\/\/www.jeffersondentalclinics.com\/es\/prensa","url":"https:\/\/www.jeffersondentalclinics.com\/es\/prensa","name":"Prensa | Jefferson Dental &amp; Orthodontics","isPartOf":{"@id":"https:\/\/www.jeffersondentalclinics.com\/es#website"},"primaryImageOfPage":{"@id":"https:\/\/www.jeffersondentalclinics.com\/es\/prensa#primaryimage"},"image":{"@id":"https:\/\/www.jeffersondentalclinics.com\/es\/prensa#primaryimage"},"thumbnailUrl":"https:\/\/www.jeffersondentalclinics.com\/wp-content\/uploads\/2017\/01\/OEOJOY0.png","datePublished":"2017-01-20T14:09:30+00:00","dateModified":"2020-11-30T17:36:57+00:00","description":"Obtenga m\u00e1s informaci\u00f3n sobre Jefferson Dental & Orthodontics a trav\u00e9s de nuestras \u00faltimas noticias y cobertura de prensa.","breadcrumb":{"@id":"https:\/\/www.jeffersondentalclinics.com\/es\/prensa#breadcrumb"},"inLanguage":"es","potentialAction":[{"@type":"ReadAction","target":["https:\/\/www.jeffersondentalclinics.com\/es\/prensa"]}]},{"@type":"ImageObject","inLanguage":"es","@id":"https:\/\/www.jeffersondentalclinics.com\/es\/prensa#primaryimage","url":"https:\/\/www.jeffersondentalclinics.com\/wp-content\/uploads\/2017\/01\/OEOJOY0.png","contentUrl":"https:\/\/www.jeffersondentalclinics.com\/wp-content\/uploads\/2017\/01\/OEOJOY0.png","width":1920,"height":210},{"@type":"BreadcrumbList","@id":"https:\/\/www.jeffersondentalclinics.com\/es\/prensa#breadcrumb","itemListElement":[{"@type":"ListItem","position":1,"name":"Home","item":"https:\/\/www.jeffersondentalclinics.com\/es"},{"@type":"ListItem","position":2,"name":"Prensa"}]},{"@type":"WebSite","@id":"https:\/\/www.jeffersondentalclinics.com\/es#website","url":"https:\/\/www.jeffersondentalclinics.com\/es","name":"Jefferson Dental &amp; Orthodontics","description":"","publisher":{"@id":"https:\/\/www.jeffersondentalclinics.com\/es#organization"},"potentialAction":[{"@type":"SearchAction","target":{"@type":"EntryPoint","urlTemplate":"https:\/\/www.jeffersondentalclinics.com\/es?s={search_term_string}"},"query-input":{"@type":"PropertyValueSpecification","valueRequired":true,"valueName":"search_term_string"}}],"inLanguage":"es"},{"@type":"Organization","@id":"https:\/\/www.jeffersondentalclinics.com\/es#organization","name":"Jefferson Dental & Orthodontics","url":"https:\/\/www.jeffersondentalclinics.com\/es","logo":{"@type":"ImageObject","inLanguage":"es","@id":"https:\/\/www.jeffersondentalclinics.com\/es#\/schema\/logo\/image\/","url":"https:\/\/www.jeffersondentalclinics.com\/wp-content\/uploads\/2018\/01\/JDCare-Blue-Logo-Color-Tooth.png","contentUrl":"https:\/\/www.jeffersondentalclinics.com\/wp-content\/uploads\/2018\/01\/JDCare-Blue-Logo-Color-Tooth.png","width":1920,"height":441,"caption":"Jefferson Dental & Orthodontics"},"image":{"@id":"https:\/\/www.jeffersondentalclinics.com\/es#\/schema\/logo\/image\/"},"sameAs":["https:\/\/www.facebook.com\/jeffersondental\/"]}]}},"_links":{"self":[{"href":"https:\/\/www.jeffersondentalclinics.com\/es\/wp-json\/wp\/v2\/pages\/1731","targetHints":{"allow":["GET"]}}],"collection":[{"href":"https:\/\/www.jeffersondentalclinics.com\/es\/wp-json\/wp\/v2\/pages"}],"about":[{"href":"https:\/\/www.jeffersondentalclinics.com\/es\/wp-json\/wp\/v2\/types\/page"}],"author":[{"embeddable":true,"href":"https:\/\/www.jeffersondentalclinics.com\/es\/wp-json\/wp\/v2\/users\/7"}],"replies":[{"embeddable":true,"href":"https:\/\/www.jeffersondentalclinics.com\/es\/wp-json\/wp\/v2\/comments?post=1731"}],"version-history":[{"count":0,"href":"https:\/\/www.jeffersondentalclinics.com\/es\/wp-json\/wp\/v2\/pages\/1731\/revisions"}],"wp:featuredmedia":[{"embeddable":true,"href":"https:\/\/www.jeffersondentalclinics.com\/es\/wp-json\/wp\/v2\/media\/3100"}],"wp:attachment":[{"href":"https:\/\/www.jeffersondentalclinics.com\/es\/wp-json\/wp\/v2\/media?parent=1731"}],"curies":[{"name":"wp","href":"https:\/\/api.w.org\/{rel}","templated":true}]}}