{"id":1649,"date":"2017-01-12T12:02:23","date_gmt":"2017-01-12T18:02:23","guid":{"rendered":"https:\/\/jdc.local\/encuentra-una-clinica"},"modified":"2023-10-17T11:41:37","modified_gmt":"2023-10-17T17:41:37","slug":"locaciones","status":"publish","type":"page","link":"https:\/\/www.jeffersondentalclinics.com\/es\/locaciones","title":{"rendered":"Encuentra Una Cl\u00ednica Dental"},"content":{"rendered":"[et_pb_section bb_built=\u00bb1&#8243; _builder_version=\u00bb3.0.88&#8243; custom_margin=\u00bb0px||0px|\u00bb custom_padding=\u00bb0px||0px|\u00bb][et_pb_row _builder_version=\u00bb3.0.88&#8243; custom_padding=\u00bb0px||0px|\u00bb][et_pb_column type=\u00bb4_4&#8243;][et_pb_text _builder_version=\u00bb3.0.88&#8243; background_layout=\u00bblight\u00bb text_font=\u00bb|on|||\u00bb text_font_size=\u00bb28px\u00bb text_text_color=\u00bb#0072bc\u00bb text_orientation=\u00bbcenter\u00bb border_style=\u00bbsolid\u00bb module_alignment=\u00bbcenter\u00bb header_font=\u00bb|on|||\u00bb header_font_size=\u00bb28px\u00bb border_style_all=\u00bbsolid\u00bb]\n<h2>Busca un dentista cerca de ti<\/h2>\n[\/et_pb_text][et_pb_text _builder_version=\u00bb3.0.88&#8243; background_layout=\u00bblight\u00bb text_font_size=\u00bb18&#8243; text_text_color=\u00bb#010101&#8243; border_style=\u00bbsolid\u00bb max_width=\u00bb72%\u00bb module_alignment=\u00bbcenter\u00bb text_font=\u00bbRoboto||||||||\u00bb max_width_phone=\u00bb100%\u00bb max_width_last_edited=\u00bbon|phone\u00bb]\n<p style=\"text-align: left;\">Nuestro objetivo es apoyar la salud y el bienestar total de nuestros pacientes a trav\u00e9s de una atenci\u00f3n dental de calidad y econ\u00f3mica en cl\u00ednicas con los \u00faltimos avances tecnol\u00f3gicos convenientemente situadas cerca de ti. Contratamos y entrenamos a los mejores y a los dentistas m\u00e1s preparados para establecer nuevas normas de atenci\u00f3n en la industria dental, tambi\u00e9n empleamos la tecnolog\u00eda m\u00e1s reciente para ofrecer visitas dentales f\u00e1ciles y m\u00e1s c\u00f3modas.<\/p>\n[\/et_pb_text][\/et_pb_column][\/et_pb_row][\/et_pb_section]\n","protected":false},"excerpt":{"rendered":"<p>Busca un&#8230;<\/p>\n","protected":false},"author":7,"featured_media":0,"parent":0,"menu_order":0,"comment_status":"closed","ping_status":"closed","template":"page_templates\/template-area.php","meta":{"_acf_changed":false,"_et_pb_use_builder":"on","_et_pb_old_content":"","_et_gb_content_width":"","_genesis_hide_title":false,"_genesis_hide_breadcrumbs":false,"_genesis_hide_singular_image":false,"_genesis_hide_footer_widgets":false,"_genesis_custom_body_class":"find-office-page","_genesis_custom_post_class":"","_genesis_layout":"full-width-content","footnotes":""},"class_list":{"0":"post-1649","1":"page","2":"type-page","3":"status-publish","5":"entry","6":"col-md-4 col-sm-6 col-sx-12 not-first"},"acf":[],"yoast_head":"<!-- This site is optimized with the Yoast SEO plugin v26.3 - https:\/\/yoast.com\/wordpress\/plugins\/seo\/ -->\n<title>Encuentra Una Cl\u00ednica Dental | Jefferson Dental &amp; Orthodontics<\/title>\n<meta name=\"description\" content=\"\u00a1Encontrar un dentista cerca de casa o del trabajo es f\u00e1cil y conveniente! Jefferson Dental tiene m\u00e1s de 70 ubicaciones cerca de usted.\" \/>\n<meta name=\"robots\" content=\"index, follow, max-snippet:-1, max-image-preview:large, max-video-preview:-1\" \/>\n<link rel=\"canonical\" href=\"https:\/\/www.jeffersondentalclinics.com\/es\/locaciones\" \/>\n<meta property=\"og:locale\" content=\"es_ES\" \/>\n<meta property=\"og:type\" content=\"article\" \/>\n<meta property=\"og:title\" content=\"Encuentra Una Cl\u00ednica Dental | Jefferson Dental &amp; Orthodontics\" \/>\n<meta property=\"og:description\" content=\"\u00a1Encontrar un dentista cerca de casa o del trabajo es f\u00e1cil y conveniente! Jefferson Dental tiene m\u00e1s de 70 ubicaciones cerca de usted.\" \/>\n<meta property=\"og:url\" content=\"https:\/\/www.jeffersondentalclinics.com\/es\/locaciones\" \/>\n<meta property=\"og:site_name\" content=\"Jefferson Dental &amp; Orthodontics\" \/>\n<meta property=\"article:publisher\" content=\"https:\/\/www.facebook.com\/jeffersondental\/\" \/>\n<meta property=\"article:modified_time\" content=\"2023-10-17T17:41:37+00:00\" \/>\n<meta name=\"twitter:card\" content=\"summary_large_image\" \/>\n<meta name=\"twitter:label1\" content=\"Tiempo de lectura\" \/>\n\t<meta name=\"twitter:data1\" content=\"1 minuto\" \/>\n<script type=\"application\/ld+json\" class=\"yoast-schema-graph\">{\"@context\":\"https:\/\/schema.org\",\"@graph\":[{\"@type\":\"WebPage\",\"@id\":\"https:\/\/www.jeffersondentalclinics.com\/es\/locaciones\",\"url\":\"https:\/\/www.jeffersondentalclinics.com\/es\/locaciones\",\"name\":\"Encuentra Una Cl\u00ednica Dental | Jefferson Dental &amp; Orthodontics\",\"isPartOf\":{\"@id\":\"https:\/\/www.jeffersondentalclinics.com\/es#website\"},\"datePublished\":\"2017-01-12T18:02:23+00:00\",\"dateModified\":\"2023-10-17T17:41:37+00:00\",\"description\":\"\u00a1Encontrar un dentista cerca de casa o del trabajo es f\u00e1cil y conveniente! Jefferson Dental tiene m\u00e1s de 70 ubicaciones cerca de usted.\",\"breadcrumb\":{\"@id\":\"https:\/\/www.jeffersondentalclinics.com\/es\/locaciones#breadcrumb\"},\"inLanguage\":\"es\",\"potentialAction\":[{\"@type\":\"ReadAction\",\"target\":[\"https:\/\/www.jeffersondentalclinics.com\/es\/locaciones\"]}]},{\"@type\":\"BreadcrumbList\",\"@id\":\"https:\/\/www.jeffersondentalclinics.com\/es\/locaciones#breadcrumb\",\"itemListElement\":[{\"@type\":\"ListItem\",\"position\":1,\"name\":\"Home\",\"item\":\"https:\/\/www.jeffersondentalclinics.com\/es\"},{\"@type\":\"ListItem\",\"position\":2,\"name\":\"Encuentra Una Cl\u00ednica Dental\"}]},{\"@type\":\"WebSite\",\"@id\":\"https:\/\/www.jeffersondentalclinics.com\/es#website\",\"url\":\"https:\/\/www.jeffersondentalclinics.com\/es\",\"name\":\"Jefferson Dental &amp; Orthodontics\",\"description\":\"\",\"publisher\":{\"@id\":\"https:\/\/www.jeffersondentalclinics.com\/es#organization\"},\"potentialAction\":[{\"@type\":\"SearchAction\",\"target\":{\"@type\":\"EntryPoint\",\"urlTemplate\":\"https:\/\/www.jeffersondentalclinics.com\/es?s={search_term_string}\"},\"query-input\":{\"@type\":\"PropertyValueSpecification\",\"valueRequired\":true,\"valueName\":\"search_term_string\"}}],\"inLanguage\":\"es\"},{\"@type\":\"Organization\",\"@id\":\"https:\/\/www.jeffersondentalclinics.com\/es#organization\",\"name\":\"Jefferson Dental & Orthodontics\",\"url\":\"https:\/\/www.jeffersondentalclinics.com\/es\",\"logo\":{\"@type\":\"ImageObject\",\"inLanguage\":\"es\",\"@id\":\"https:\/\/www.jeffersondentalclinics.com\/es#\/schema\/logo\/image\/\",\"url\":\"https:\/\/www.jeffersondentalclinics.com\/wp-content\/uploads\/2018\/01\/JDCare-Blue-Logo-Color-Tooth.png\",\"contentUrl\":\"https:\/\/www.jeffersondentalclinics.com\/wp-content\/uploads\/2018\/01\/JDCare-Blue-Logo-Color-Tooth.png\",\"width\":1920,\"height\":441,\"caption\":\"Jefferson Dental & Orthodontics\"},\"image\":{\"@id\":\"https:\/\/www.jeffersondentalclinics.com\/es#\/schema\/logo\/image\/\"},\"sameAs\":[\"https:\/\/www.facebook.com\/jeffersondental\/\"]}]}<\/script>\n<!-- \/ Yoast SEO plugin. -->","yoast_head_json":{"title":"Encuentra Una Cl\u00ednica Dental | Jefferson Dental &amp; Orthodontics","description":"\u00a1Encontrar un dentista cerca de casa o del trabajo es f\u00e1cil y conveniente! Jefferson Dental tiene m\u00e1s de 70 ubicaciones cerca de usted.","robots":{"index":"index","follow":"follow","max-snippet":"max-snippet:-1","max-image-preview":"max-image-preview:large","max-video-preview":"max-video-preview:-1"},"canonical":"https:\/\/www.jeffersondentalclinics.com\/es\/locaciones","og_locale":"es_ES","og_type":"article","og_title":"Encuentra Una Cl\u00ednica Dental | Jefferson Dental &amp; Orthodontics","og_description":"\u00a1Encontrar un dentista cerca de casa o del trabajo es f\u00e1cil y conveniente! Jefferson Dental tiene m\u00e1s de 70 ubicaciones cerca de usted.","og_url":"https:\/\/www.jeffersondentalclinics.com\/es\/locaciones","og_site_name":"Jefferson Dental &amp; Orthodontics","article_publisher":"https:\/\/www.facebook.com\/jeffersondental\/","article_modified_time":"2023-10-17T17:41:37+00:00","twitter_card":"summary_large_image","twitter_misc":{"Tiempo de lectura":"1 minuto"},"schema":{"@context":"https:\/\/schema.org","@graph":[{"@type":"WebPage","@id":"https:\/\/www.jeffersondentalclinics.com\/es\/locaciones","url":"https:\/\/www.jeffersondentalclinics.com\/es\/locaciones","name":"Encuentra Una Cl\u00ednica Dental | Jefferson Dental &amp; Orthodontics","isPartOf":{"@id":"https:\/\/www.jeffersondentalclinics.com\/es#website"},"datePublished":"2017-01-12T18:02:23+00:00","dateModified":"2023-10-17T17:41:37+00:00","description":"\u00a1Encontrar un dentista cerca de casa o del trabajo es f\u00e1cil y conveniente! Jefferson Dental tiene m\u00e1s de 70 ubicaciones cerca de usted.","breadcrumb":{"@id":"https:\/\/www.jeffersondentalclinics.com\/es\/locaciones#breadcrumb"},"inLanguage":"es","potentialAction":[{"@type":"ReadAction","target":["https:\/\/www.jeffersondentalclinics.com\/es\/locaciones"]}]},{"@type":"BreadcrumbList","@id":"https:\/\/www.jeffersondentalclinics.com\/es\/locaciones#breadcrumb","itemListElement":[{"@type":"ListItem","position":1,"name":"Home","item":"https:\/\/www.jeffersondentalclinics.com\/es"},{"@type":"ListItem","position":2,"name":"Encuentra Una Cl\u00ednica Dental"}]},{"@type":"WebSite","@id":"https:\/\/www.jeffersondentalclinics.com\/es#website","url":"https:\/\/www.jeffersondentalclinics.com\/es","name":"Jefferson Dental &amp; Orthodontics","description":"","publisher":{"@id":"https:\/\/www.jeffersondentalclinics.com\/es#organization"},"potentialAction":[{"@type":"SearchAction","target":{"@type":"EntryPoint","urlTemplate":"https:\/\/www.jeffersondentalclinics.com\/es?s={search_term_string}"},"query-input":{"@type":"PropertyValueSpecification","valueRequired":true,"valueName":"search_term_string"}}],"inLanguage":"es"},{"@type":"Organization","@id":"https:\/\/www.jeffersondentalclinics.com\/es#organization","name":"Jefferson Dental & Orthodontics","url":"https:\/\/www.jeffersondentalclinics.com\/es","logo":{"@type":"ImageObject","inLanguage":"es","@id":"https:\/\/www.jeffersondentalclinics.com\/es#\/schema\/logo\/image\/","url":"https:\/\/www.jeffersondentalclinics.com\/wp-content\/uploads\/2018\/01\/JDCare-Blue-Logo-Color-Tooth.png","contentUrl":"https:\/\/www.jeffersondentalclinics.com\/wp-content\/uploads\/2018\/01\/JDCare-Blue-Logo-Color-Tooth.png","width":1920,"height":441,"caption":"Jefferson Dental & Orthodontics"},"image":{"@id":"https:\/\/www.jeffersondentalclinics.com\/es#\/schema\/logo\/image\/"},"sameAs":["https:\/\/www.facebook.com\/jeffersondental\/"]}]}},"_links":{"self":[{"href":"https:\/\/www.jeffersondentalclinics.com\/es\/wp-json\/wp\/v2\/pages\/1649","targetHints":{"allow":["GET"]}}],"collection":[{"href":"https:\/\/www.jeffersondentalclinics.com\/es\/wp-json\/wp\/v2\/pages"}],"about":[{"href":"https:\/\/www.jeffersondentalclinics.com\/es\/wp-json\/wp\/v2\/types\/page"}],"author":[{"embeddable":true,"href":"https:\/\/www.jeffersondentalclinics.com\/es\/wp-json\/wp\/v2\/users\/7"}],"replies":[{"embeddable":true,"href":"https:\/\/www.jeffersondentalclinics.com\/es\/wp-json\/wp\/v2\/comments?post=1649"}],"version-history":[{"count":0,"href":"https:\/\/www.jeffersondentalclinics.com\/es\/wp-json\/wp\/v2\/pages\/1649\/revisions"}],"wp:attachment":[{"href":"https:\/\/www.jeffersondentalclinics.com\/es\/wp-json\/wp\/v2\/media?parent=1649"}],"curies":[{"name":"wp","href":"https:\/\/api.w.org\/{rel}","templated":true}]}}