{"id":1647,"date":"2017-01-12T11:08:51","date_gmt":"2017-01-12T11:08:51","guid":{"rendered":"https:\/\/jdc.local\/quienes-somos"},"modified":"2023-10-11T14:06:48","modified_gmt":"2023-10-11T20:06:48","slug":"quienes-somos","status":"publish","type":"page","link":"https:\/\/www.jeffersondentalclinics.com\/es\/quienes-somos","title":{"rendered":"Quienes Somos"},"content":{"rendered":"[et_pb_section bb_built=\u00bb1&#8243; inner_max_width=\u00bbnone\u00bb inner_width=\u00bbauto\u00bb][et_pb_row _builder_version=\u00bb3.0.88&#8243; module_alignment=\u00bbcenter\u00bb custom_margin=\u00bb0px||0px|\u00bb custom_padding=\u00bb0px||0px|\u00bb width=\u00bb80%\u00bb max_width=\u00bb1080px\u00bb][et_pb_column type=\u00bb4_4&#8243; custom_padding__hover=\u00bb|||\u00bb custom_padding=\u00bb|||\u00bb][et_pb_text _builder_version=\u00bb4.14.7&#8243; text_font_size=\u00bb18px\u00bb max_width_last_edited=\u00bbon|desktop\u00bb module_alignment=\u00bbcenter\u00bb custom_margin=\u00bb0px||30px|\u00bb custom_padding=\u00bb0px||0px|\u00bb text_text_shadow_horizontal_length=\u00bbtext_text_shadow_style,%91object Object%93&#8243; text_text_shadow_vertical_length=\u00bbtext_text_shadow_style,%91object Object%93&#8243; text_text_shadow_blur_strength=\u00bbtext_text_shadow_style,%91object Object%93&#8243; link_text_shadow_horizontal_length=\u00bblink_text_shadow_style,%91object Object%93&#8243; link_text_shadow_vertical_length=\u00bblink_text_shadow_style,%91object Object%93&#8243; link_text_shadow_blur_strength=\u00bblink_text_shadow_style,%91object Object%93&#8243; ul_text_shadow_horizontal_length=\u00bbul_text_shadow_style,%91object Object%93&#8243; ul_text_shadow_vertical_length=\u00bbul_text_shadow_style,%91object Object%93&#8243; ul_text_shadow_blur_strength=\u00bbul_text_shadow_style,%91object Object%93&#8243; ol_text_shadow_horizontal_length=\u00bbol_text_shadow_style,%91object Object%93&#8243; ol_text_shadow_vertical_length=\u00bbol_text_shadow_style,%91object Object%93&#8243; ol_text_shadow_blur_strength=\u00bbol_text_shadow_style,%91object Object%93&#8243; quote_text_shadow_horizontal_length=\u00bbquote_text_shadow_style,%91object Object%93&#8243; quote_text_shadow_vertical_length=\u00bbquote_text_shadow_style,%91object Object%93&#8243; quote_text_shadow_blur_strength=\u00bbquote_text_shadow_style,%91object Object%93&#8243; header_text_shadow_horizontal_length=\u00bbheader_text_shadow_style,%91object Object%93&#8243; header_text_shadow_vertical_length=\u00bbheader_text_shadow_style,%91object Object%93&#8243; header_text_shadow_blur_strength=\u00bbheader_text_shadow_style,%91object Object%93&#8243; header_2_text_shadow_horizontal_length=\u00bbheader_2_text_shadow_style,%91object Object%93&#8243; header_2_text_shadow_vertical_length=\u00bbheader_2_text_shadow_style,%91object Object%93&#8243; header_2_text_shadow_blur_strength=\u00bbheader_2_text_shadow_style,%91object Object%93&#8243; header_3_text_shadow_horizontal_length=\u00bbheader_3_text_shadow_style,%91object Object%93&#8243; header_3_text_shadow_vertical_length=\u00bbheader_3_text_shadow_style,%91object Object%93&#8243; header_3_text_shadow_blur_strength=\u00bbheader_3_text_shadow_style,%91object Object%93&#8243; header_4_text_shadow_horizontal_length=\u00bbheader_4_text_shadow_style,%91object Object%93&#8243; header_4_text_shadow_vertical_length=\u00bbheader_4_text_shadow_style,%91object Object%93&#8243; header_4_text_shadow_blur_strength=\u00bbheader_4_text_shadow_style,%91object Object%93&#8243; header_5_text_shadow_horizontal_length=\u00bbheader_5_text_shadow_style,%91object Object%93&#8243; header_5_text_shadow_vertical_length=\u00bbheader_5_text_shadow_style,%91object Object%93&#8243; header_5_text_shadow_blur_strength=\u00bbheader_5_text_shadow_style,%91object Object%93&#8243; header_6_text_shadow_horizontal_length=\u00bbheader_6_text_shadow_style,%91object Object%93&#8243; header_6_text_shadow_vertical_length=\u00bbheader_6_text_shadow_style,%91object Object%93&#8243; header_6_text_shadow_blur_strength=\u00bbheader_6_text_shadow_style,%91object Object%93&#8243; z_index_tablet=\u00bb500&#8243; box_shadow_horizontal_tablet=\u00bb0px\u00bb box_shadow_vertical_tablet=\u00bb0px\u00bb box_shadow_blur_tablet=\u00bb40px\u00bb box_shadow_spread_tablet=\u00bb0px\u00bb vertical_offset_tablet=\u00bb0&#8243; horizontal_offset_tablet=\u00bb0&#8243;]\n<p data-pm-slice=\"1 1 []\">Desde que abrimos nuestra primera oficina en 1967 en el \u00e1rea de Oak Cliff de Dallas en Jefferson Blvd. (<em>\u00bfle suena familiar?<\/em>), Jefferson Dental &amp; Orthodontics se ha centrado en una idea muy importante\u2014<strong>nuestra atenci\u00f3n cambia la vida de las personas.<\/strong><\/p>\n<p>Brindamos atenci\u00f3n dental y de ortodoncia compasiva, de alta calidad, asequible y conveniente en nuestras m\u00e1s de 70 oficinas de Jefferson Dental y The Smile Center en todo Texas y Oklahoma City. Con nuestra tecnolog\u00eda avanzada, incluido el <strong><a class=\"ProsemirrorEditor-link\" href=\"https:\/\/www.jeffersondentalclinics.com\/es\/servicios-dentales\/escaneo-itero-3d\">Esc\u00e1ner 3D iTero<\/a><\/strong>, creamos planes integrales de salud bucal para cada uno de nuestros pacientes. A esto lo llamamos nuestro <strong>Smile Roadmap.<\/strong><\/p>\n<p>\u00a1Tambi\u00e9n estamos orgullosos de ser el dentista oficial de los <strong><a class=\"ProsemirrorEditor-link\" href=\"https:\/\/www.jeffersondentalclinics.com\/blog\/dallas-mavericks-announcement\">Dallas Mavericks<\/a><\/strong>!<\/p>\n<p>Venga a visitar <strong><a class=\"ProsemirrorEditor-link\" href=\"https:\/\/www.jeffersondentalclinics.com\/es\/locaciones\">su oficina local<\/a><\/strong> hoy. Esperamos darle una <strong>#Raz\u00f3nParaSonre\u00edr<\/strong>.<\/p>\n[\/et_pb_text][\/et_pb_column][\/et_pb_row][et_pb_row make_equal=\u00bbon\u00bb _builder_version=\u00bb4.22.1&#8243; background_size=\u00bbinitial\u00bb background_position=\u00bbtop_left\u00bb background_repeat=\u00bbrepeat\u00bb width=\u00bb80%\u00bb max_width=\u00bb1080px\u00bb][et_pb_column type=\u00bb1_3&#8243; custom_padding__hover=\u00bb|||\u00bb custom_padding=\u00bb|||\u00bb][et_pb_code _builder_version=\u00bb4.22.1&#8243; background_size=\u00bbinitial\u00bb background_position=\u00bbtop_left\u00bb background_repeat=\u00bbrepeat\u00bb text_orientation=\u00bbcenter\u00bb background_pattern_color=\u00bbrgba(0,0,0,0.2)\u00bb background_mask_color=\u00bb#ffffff\u00bb box_shadow_horizontal_tablet=\u00bb0px\u00bb box_shadow_vertical_tablet=\u00bb0px\u00bb box_shadow_blur_tablet=\u00bb40px\u00bb box_shadow_spread_tablet=\u00bb0px\u00bb vertical_offset_tablet=\u00bb0&#8243; horizontal_offset_tablet=\u00bb0&#8243; z_index_tablet=\u00bb0&#8243;]<a href=\"\/es\/quienes-somos\/nuestra-historia\"><!-- [et_pb_line_break_holder] --><\/p>\n<div class=\"about-us__box\"><!-- [et_pb_line_break_holder] --><\/p>\n<div class=\"blue--box\"><!-- [et_pb_line_break_holder] --><img decoding=\"async\" src=\"\/wp-content\/themes\/jefferson-dental-care\/images\/Shape-571.png\" alt=\"Nuestra Historia\"><!-- [et_pb_line_break_holder] --><\/p>\n<h2>Nuestra Historia<\/h2>\n<p><!-- [et_pb_line_break_holder] --><\/div>\n<p><!-- [et_pb_line_break_holder] --><\/p>\n<div class=\"box--content entry-content\"><!-- [et_pb_line_break_holder] --><\/p>\n<h4 style=\"display: block !important;\">Una Tradici\u00f3n en Tejas Durante M\u00e1s de 50 A\u00f1os<\/h4>\n<p><!-- [et_pb_line_break_holder] --><a href=\"\/es\/quienes-somos\/nuestra-historia\" class=\"view-all-button outline--green\">Lee mas <i class=\"fa fa-angle-right\" aria-hidden=\"true\"><\/i><\/a><!-- [et_pb_line_break_holder] --><\/div>\n<p><!-- [et_pb_line_break_holder] --><\/div>\n<p><!-- [et_pb_line_break_holder] --><\/a>[\/et_pb_code][\/et_pb_column][et_pb_column type=\u00bb1_3&#8243; custom_padding__hover=\u00bb|||\u00bb custom_padding=\u00bb|||\u00bb][et_pb_code _builder_version=\u00bb4.22.1&#8243; background_size=\u00bbinitial\u00bb background_position=\u00bbtop_left\u00bb background_repeat=\u00bbrepeat\u00bb text_orientation=\u00bbcenter\u00bb background_pattern_color=\u00bbrgba(0,0,0,0.2)\u00bb background_mask_color=\u00bb#ffffff\u00bb box_shadow_horizontal_tablet=\u00bb0px\u00bb box_shadow_vertical_tablet=\u00bb0px\u00bb box_shadow_blur_tablet=\u00bb40px\u00bb box_shadow_spread_tablet=\u00bb0px\u00bb vertical_offset_tablet=\u00bb0&#8243; horizontal_offset_tablet=\u00bb0&#8243; z_index_tablet=\u00bb0&#8243;]<a href=\"\/es\/quienes-somos\/dentistas\"><!-- [et_pb_line_break_holder] --><\/p>\n<div class=\"about-us__box\"><!-- [et_pb_line_break_holder] --><\/p>\n<div class=\"blue--box\"><!-- [et_pb_line_break_holder] --><img decoding=\"async\" src=\"\/wp-content\/themes\/jefferson-dental-care\/images\/Shape-569.png\" alt=\"Dentistas\"><!-- [et_pb_line_break_holder] --><\/p>\n<h2>Dentistas<\/h2>\n<p><!-- [et_pb_line_break_holder] --><\/div>\n<p><!-- [et_pb_line_break_holder] --><\/p>\n<div class=\"box--content entry-content\"><!-- [et_pb_line_break_holder] --><\/p>\n<h4 style=\"display: block !important;\">Cuidado de Calidad con Dentistas de Calidad<\/h4>\n<p><!-- [et_pb_line_break_holder] --><a href=\"\/es\/quienes-somos\/dentistas\" class=\"view-all-button outline--green\">Lee mas <i class=\"fa fa-angle-right\" aria-hidden=\"true\"><\/i><\/a><!-- [et_pb_line_break_holder] --><\/div>\n<p><!-- [et_pb_line_break_holder] --><\/div>\n<p><!-- [et_pb_line_break_holder] --><\/a>[\/et_pb_code][\/et_pb_column][et_pb_column type=\u00bb1_3&#8243; custom_padding__hover=\u00bb|||\u00bb custom_padding=\u00bb|||\u00bb][et_pb_code _builder_version=\u00bb4.22.1&#8243; background_size=\u00bbinitial\u00bb background_position=\u00bbtop_left\u00bb background_repeat=\u00bbrepeat\u00bb text_orientation=\u00bbcenter\u00bb background_pattern_color=\u00bbrgba(0,0,0,0.2)\u00bb background_mask_color=\u00bb#ffffff\u00bb box_shadow_horizontal_tablet=\u00bb0px\u00bb box_shadow_vertical_tablet=\u00bb0px\u00bb box_shadow_blur_tablet=\u00bb40px\u00bb box_shadow_spread_tablet=\u00bb0px\u00bb vertical_offset_tablet=\u00bb0&#8243; horizontal_offset_tablet=\u00bb0&#8243; z_index_tablet=\u00bb0&#8243;]<a href=\"\/es\/quienes-somos\/testimonios\" ><\/p>\n<div class=\"about-us__box\"><!-- [et_pb_line_break_holder] --><\/p>\n<div class=\"blue--box\"><!-- [et_pb_line_break_holder] --><img decoding=\"async\" src=\"\/wp-content\/themes\/jefferson-dental-care\/images\/Shape-568.png\" alt=\"Testimonios\"><!-- [et_pb_line_break_holder] --><\/p>\n<h2>Testimonios<\/h2>\n<p><!-- [et_pb_line_break_holder] --><\/div>\n<p><!-- [et_pb_line_break_holder] --><\/p>\n<div class=\"box--content entry-content\"><!-- [et_pb_line_break_holder] --><\/p>\n<h4 style=\"display: block !important;\">Plat\u00edquenos De Su Experiencia Con Nosotros<!-- [et_pb_line_break_holder] --><\/h4>\n<p><!-- [et_pb_line_break_holder] --><a href=\"\/es\/quienes-somos\/testimonios\" class=\"view-all-button outline--green\">Lee mas <i class=\"fa fa-angle-right\" aria-hidden=\"true\"><\/i><\/a><!-- [et_pb_line_break_holder] --><\/div>\n<p><!-- [et_pb_line_break_holder] --><\/div>\n<p><!-- [et_pb_line_break_holder] --><\/a>[\/et_pb_code][\/et_pb_column][\/et_pb_row][\/et_pb_section]\n","protected":false},"excerpt":{"rendered":"<p>Desde que&#8230;<\/p>\n","protected":false},"author":7,"featured_media":4332,"parent":0,"menu_order":0,"comment_status":"closed","ping_status":"closed","template":"","meta":{"_acf_changed":false,"_et_pb_use_builder":"on","_et_pb_old_content":"","_et_gb_content_width":"","_genesis_hide_title":false,"_genesis_hide_breadcrumbs":false,"_genesis_hide_singular_image":false,"_genesis_hide_footer_widgets":false,"_genesis_custom_body_class":"dynamik-composer-page","_genesis_custom_post_class":"","_genesis_layout":"full-width-content","footnotes":""},"class_list":{"0":"post-1647","1":"page","2":"type-page","3":"status-publish","4":"has-post-thumbnail","6":"entry","7":"col-md-4 col-sm-6 col-sx-12 not-first"},"acf":[],"yoast_head":"<!-- This site is optimized with the Yoast SEO plugin v26.3 - https:\/\/yoast.com\/wordpress\/plugins\/seo\/ -->\n<title>Quienes Somos | Jefferson Dental &amp; Orthodontics<\/title>\n<meta name=\"description\" content=\"En Jefferson Dental Care una atenci\u00f3n de calidad comienza igualmente con dentistas de calidad. Visita una de nuestras cl\u00ednicas hoy mismo para recibir la atenci\u00f3n dental que t\u00fa te mereces!\" \/>\n<meta name=\"robots\" content=\"index, follow, max-snippet:-1, max-image-preview:large, max-video-preview:-1\" \/>\n<link rel=\"canonical\" href=\"https:\/\/www.jeffersondentalclinics.com\/es\/quienes-somos\" \/>\n<meta property=\"og:locale\" content=\"es_ES\" \/>\n<meta property=\"og:type\" content=\"article\" \/>\n<meta property=\"og:title\" content=\"Quienes Somos | Jefferson Dental &amp; Orthodontics\" \/>\n<meta property=\"og:description\" content=\"En Jefferson Dental Care una atenci\u00f3n de calidad comienza igualmente con dentistas de calidad. Visita una de nuestras cl\u00ednicas hoy mismo para recibir la atenci\u00f3n dental que t\u00fa te mereces!\" \/>\n<meta property=\"og:url\" content=\"https:\/\/www.jeffersondentalclinics.com\/es\/quienes-somos\" \/>\n<meta property=\"og:site_name\" content=\"Jefferson Dental &amp; Orthodontics\" \/>\n<meta property=\"article:publisher\" content=\"https:\/\/www.facebook.com\/jeffersondental\/\" \/>\n<meta property=\"article:modified_time\" content=\"2023-10-11T20:06:48+00:00\" \/>\n<meta property=\"og:image\" content=\"https:\/\/www.jeffersondentalclinics.com\/wp-content\/uploads\/2018\/01\/about_us.png\" \/>\n\t<meta property=\"og:image:width\" content=\"1920\" \/>\n\t<meta property=\"og:image:height\" content=\"210\" \/>\n\t<meta property=\"og:image:type\" content=\"image\/png\" \/>\n<meta name=\"twitter:card\" content=\"summary_large_image\" \/>\n<meta name=\"twitter:label1\" content=\"Tiempo de lectura\" \/>\n\t<meta name=\"twitter:data1\" content=\"4 minutos\" \/>\n<script type=\"application\/ld+json\" class=\"yoast-schema-graph\">{\"@context\":\"https:\/\/schema.org\",\"@graph\":[{\"@type\":\"WebPage\",\"@id\":\"https:\/\/www.jeffersondentalclinics.com\/es\/quienes-somos\",\"url\":\"https:\/\/www.jeffersondentalclinics.com\/es\/quienes-somos\",\"name\":\"Quienes Somos | Jefferson Dental &amp; Orthodontics\",\"isPartOf\":{\"@id\":\"https:\/\/www.jeffersondentalclinics.com\/es#website\"},\"primaryImageOfPage\":{\"@id\":\"https:\/\/www.jeffersondentalclinics.com\/es\/quienes-somos#primaryimage\"},\"image\":{\"@id\":\"https:\/\/www.jeffersondentalclinics.com\/es\/quienes-somos#primaryimage\"},\"thumbnailUrl\":\"https:\/\/www.jeffersondentalclinics.com\/wp-content\/uploads\/2018\/01\/about_us.png\",\"datePublished\":\"2017-01-12T11:08:51+00:00\",\"dateModified\":\"2023-10-11T20:06:48+00:00\",\"description\":\"En Jefferson Dental Care una atenci\u00f3n de calidad comienza igualmente con dentistas de calidad. Visita una de nuestras cl\u00ednicas hoy mismo para recibir la atenci\u00f3n dental que t\u00fa te mereces!\",\"breadcrumb\":{\"@id\":\"https:\/\/www.jeffersondentalclinics.com\/es\/quienes-somos#breadcrumb\"},\"inLanguage\":\"es\",\"potentialAction\":[{\"@type\":\"ReadAction\",\"target\":[\"https:\/\/www.jeffersondentalclinics.com\/es\/quienes-somos\"]}]},{\"@type\":\"ImageObject\",\"inLanguage\":\"es\",\"@id\":\"https:\/\/www.jeffersondentalclinics.com\/es\/quienes-somos#primaryimage\",\"url\":\"https:\/\/www.jeffersondentalclinics.com\/wp-content\/uploads\/2018\/01\/about_us.png\",\"contentUrl\":\"https:\/\/www.jeffersondentalclinics.com\/wp-content\/uploads\/2018\/01\/about_us.png\",\"width\":1920,\"height\":210},{\"@type\":\"BreadcrumbList\",\"@id\":\"https:\/\/www.jeffersondentalclinics.com\/es\/quienes-somos#breadcrumb\",\"itemListElement\":[{\"@type\":\"ListItem\",\"position\":1,\"name\":\"Home\",\"item\":\"https:\/\/www.jeffersondentalclinics.com\/es\"},{\"@type\":\"ListItem\",\"position\":2,\"name\":\"Quienes Somos\"}]},{\"@type\":\"WebSite\",\"@id\":\"https:\/\/www.jeffersondentalclinics.com\/es#website\",\"url\":\"https:\/\/www.jeffersondentalclinics.com\/es\",\"name\":\"Jefferson Dental &amp; Orthodontics\",\"description\":\"\",\"publisher\":{\"@id\":\"https:\/\/www.jeffersondentalclinics.com\/es#organization\"},\"potentialAction\":[{\"@type\":\"SearchAction\",\"target\":{\"@type\":\"EntryPoint\",\"urlTemplate\":\"https:\/\/www.jeffersondentalclinics.com\/es?s={search_term_string}\"},\"query-input\":{\"@type\":\"PropertyValueSpecification\",\"valueRequired\":true,\"valueName\":\"search_term_string\"}}],\"inLanguage\":\"es\"},{\"@type\":\"Organization\",\"@id\":\"https:\/\/www.jeffersondentalclinics.com\/es#organization\",\"name\":\"Jefferson Dental & Orthodontics\",\"url\":\"https:\/\/www.jeffersondentalclinics.com\/es\",\"logo\":{\"@type\":\"ImageObject\",\"inLanguage\":\"es\",\"@id\":\"https:\/\/www.jeffersondentalclinics.com\/es#\/schema\/logo\/image\/\",\"url\":\"https:\/\/www.jeffersondentalclinics.com\/wp-content\/uploads\/2018\/01\/JDCare-Blue-Logo-Color-Tooth.png\",\"contentUrl\":\"https:\/\/www.jeffersondentalclinics.com\/wp-content\/uploads\/2018\/01\/JDCare-Blue-Logo-Color-Tooth.png\",\"width\":1920,\"height\":441,\"caption\":\"Jefferson Dental & Orthodontics\"},\"image\":{\"@id\":\"https:\/\/www.jeffersondentalclinics.com\/es#\/schema\/logo\/image\/\"},\"sameAs\":[\"https:\/\/www.facebook.com\/jeffersondental\/\"]}]}<\/script>\n<!-- \/ Yoast SEO plugin. -->","yoast_head_json":{"title":"Quienes Somos | Jefferson Dental &amp; Orthodontics","description":"En Jefferson Dental Care una atenci\u00f3n de calidad comienza igualmente con dentistas de calidad. Visita una de nuestras cl\u00ednicas hoy mismo para recibir la atenci\u00f3n dental que t\u00fa te mereces!","robots":{"index":"index","follow":"follow","max-snippet":"max-snippet:-1","max-image-preview":"max-image-preview:large","max-video-preview":"max-video-preview:-1"},"canonical":"https:\/\/www.jeffersondentalclinics.com\/es\/quienes-somos","og_locale":"es_ES","og_type":"article","og_title":"Quienes Somos | Jefferson Dental &amp; Orthodontics","og_description":"En Jefferson Dental Care una atenci\u00f3n de calidad comienza igualmente con dentistas de calidad. Visita una de nuestras cl\u00ednicas hoy mismo para recibir la atenci\u00f3n dental que t\u00fa te mereces!","og_url":"https:\/\/www.jeffersondentalclinics.com\/es\/quienes-somos","og_site_name":"Jefferson Dental &amp; Orthodontics","article_publisher":"https:\/\/www.facebook.com\/jeffersondental\/","article_modified_time":"2023-10-11T20:06:48+00:00","og_image":[{"width":1920,"height":210,"url":"https:\/\/www.jeffersondentalclinics.com\/wp-content\/uploads\/2018\/01\/about_us.png","type":"image\/png"}],"twitter_card":"summary_large_image","twitter_misc":{"Tiempo de lectura":"4 minutos"},"schema":{"@context":"https:\/\/schema.org","@graph":[{"@type":"WebPage","@id":"https:\/\/www.jeffersondentalclinics.com\/es\/quienes-somos","url":"https:\/\/www.jeffersondentalclinics.com\/es\/quienes-somos","name":"Quienes Somos | Jefferson Dental &amp; Orthodontics","isPartOf":{"@id":"https:\/\/www.jeffersondentalclinics.com\/es#website"},"primaryImageOfPage":{"@id":"https:\/\/www.jeffersondentalclinics.com\/es\/quienes-somos#primaryimage"},"image":{"@id":"https:\/\/www.jeffersondentalclinics.com\/es\/quienes-somos#primaryimage"},"thumbnailUrl":"https:\/\/www.jeffersondentalclinics.com\/wp-content\/uploads\/2018\/01\/about_us.png","datePublished":"2017-01-12T11:08:51+00:00","dateModified":"2023-10-11T20:06:48+00:00","description":"En Jefferson Dental Care una atenci\u00f3n de calidad comienza igualmente con dentistas de calidad. Visita una de nuestras cl\u00ednicas hoy mismo para recibir la atenci\u00f3n dental que t\u00fa te mereces!","breadcrumb":{"@id":"https:\/\/www.jeffersondentalclinics.com\/es\/quienes-somos#breadcrumb"},"inLanguage":"es","potentialAction":[{"@type":"ReadAction","target":["https:\/\/www.jeffersondentalclinics.com\/es\/quienes-somos"]}]},{"@type":"ImageObject","inLanguage":"es","@id":"https:\/\/www.jeffersondentalclinics.com\/es\/quienes-somos#primaryimage","url":"https:\/\/www.jeffersondentalclinics.com\/wp-content\/uploads\/2018\/01\/about_us.png","contentUrl":"https:\/\/www.jeffersondentalclinics.com\/wp-content\/uploads\/2018\/01\/about_us.png","width":1920,"height":210},{"@type":"BreadcrumbList","@id":"https:\/\/www.jeffersondentalclinics.com\/es\/quienes-somos#breadcrumb","itemListElement":[{"@type":"ListItem","position":1,"name":"Home","item":"https:\/\/www.jeffersondentalclinics.com\/es"},{"@type":"ListItem","position":2,"name":"Quienes Somos"}]},{"@type":"WebSite","@id":"https:\/\/www.jeffersondentalclinics.com\/es#website","url":"https:\/\/www.jeffersondentalclinics.com\/es","name":"Jefferson Dental &amp; Orthodontics","description":"","publisher":{"@id":"https:\/\/www.jeffersondentalclinics.com\/es#organization"},"potentialAction":[{"@type":"SearchAction","target":{"@type":"EntryPoint","urlTemplate":"https:\/\/www.jeffersondentalclinics.com\/es?s={search_term_string}"},"query-input":{"@type":"PropertyValueSpecification","valueRequired":true,"valueName":"search_term_string"}}],"inLanguage":"es"},{"@type":"Organization","@id":"https:\/\/www.jeffersondentalclinics.com\/es#organization","name":"Jefferson Dental & Orthodontics","url":"https:\/\/www.jeffersondentalclinics.com\/es","logo":{"@type":"ImageObject","inLanguage":"es","@id":"https:\/\/www.jeffersondentalclinics.com\/es#\/schema\/logo\/image\/","url":"https:\/\/www.jeffersondentalclinics.com\/wp-content\/uploads\/2018\/01\/JDCare-Blue-Logo-Color-Tooth.png","contentUrl":"https:\/\/www.jeffersondentalclinics.com\/wp-content\/uploads\/2018\/01\/JDCare-Blue-Logo-Color-Tooth.png","width":1920,"height":441,"caption":"Jefferson Dental & Orthodontics"},"image":{"@id":"https:\/\/www.jeffersondentalclinics.com\/es#\/schema\/logo\/image\/"},"sameAs":["https:\/\/www.facebook.com\/jeffersondental\/"]}]}},"_links":{"self":[{"href":"https:\/\/www.jeffersondentalclinics.com\/es\/wp-json\/wp\/v2\/pages\/1647","targetHints":{"allow":["GET"]}}],"collection":[{"href":"https:\/\/www.jeffersondentalclinics.com\/es\/wp-json\/wp\/v2\/pages"}],"about":[{"href":"https:\/\/www.jeffersondentalclinics.com\/es\/wp-json\/wp\/v2\/types\/page"}],"author":[{"embeddable":true,"href":"https:\/\/www.jeffersondentalclinics.com\/es\/wp-json\/wp\/v2\/users\/7"}],"replies":[{"embeddable":true,"href":"https:\/\/www.jeffersondentalclinics.com\/es\/wp-json\/wp\/v2\/comments?post=1647"}],"version-history":[{"count":0,"href":"https:\/\/www.jeffersondentalclinics.com\/es\/wp-json\/wp\/v2\/pages\/1647\/revisions"}],"wp:featuredmedia":[{"embeddable":true,"href":"https:\/\/www.jeffersondentalclinics.com\/es\/wp-json\/wp\/v2\/media\/4332"}],"wp:attachment":[{"href":"https:\/\/www.jeffersondentalclinics.com\/es\/wp-json\/wp\/v2\/media?parent=1647"}],"curies":[{"name":"wp","href":"https:\/\/api.w.org\/{rel}","templated":true}]}}