{"id":14729,"date":"2022-03-30T13:23:37","date_gmt":"2022-03-30T19:23:37","guid":{"rendered":"https:\/\/jdc.local\/conexion-del-cuerpo-de-la-boca"},"modified":"2022-03-31T14:29:38","modified_gmt":"2022-03-31T20:29:38","slug":"conexion-boca-cuerpo","status":"publish","type":"page","link":"https:\/\/www.jeffersondentalclinics.com\/es\/conexion-boca-cuerpo","title":{"rendered":"Conexi\u00f3n del Cuerpo de la Boca"},"content":{"rendered":"\n<div style=\"height:90px\" aria-hidden=\"true\" class=\"wp-block-spacer editorskit-no-tablet editorskit-no-mobile\"><\/div>\n\n\n\n<div style=\"height:110px\" aria-hidden=\"true\" class=\"wp-block-spacer editorskit-no-desktop editorskit-no-tablet\"><\/div>\n\n\n<style>\n  \/* BG color Select *\/\n  .alternating-section.alternating-hero .text-container:before, \n  .alternating-section.alternating-hero .text-container {\n\t\tbackground-color: #1f3b61 !important;\n  }\n  .alternating-section .alternating-text-link {\n  \tbackground-color:  !important;\n  \tcolor:  !important;\n  }\n<\/style>\n<section id=\"alternating-sections-block_62431bcac0003\" class=\"alternating-section no-gutter alternating-sections-block alternating-hero\">\n  <div class=\"container-full\">\n  \t\t\t\t\t\t  <div class=\"alternating-section-item  alternating-section-bg-align-center\">\n\n\t\t\t\t\t\t\n\t\t\t\t\t  <div class=\"text-container\">\n\t\t\t<div class=\"text-container-inner\">\n\t\t\t\t\t\t\t\t\t\t\t\t\t<h3 class=\"header2-simple\"><div style=\"margin-bottom: 10px; margin-top: 10px; font-size: 20px;\">\u00bfSAB\u00cdA USTED?<\/div><div style=\"font-size: 38px; text-transform: none;\">\u00a1Una Boca Saludable Puede Prolongar Su Vida!<\/div><\/h3>\n\t\t\t\t\t\t\t\t\t\t<div  class=\"paragraph-sm\">\n\t\t\t\t<p style=\"text-align: center; color: #0099c7 !important; font-size: 18px; font-weight: bold;\"><em>Una buena higiene oral con visitas regulares al dentista puede ayudar a prevenir problemas de salud graves como las siguientes:<\/em><\/p>\n\t\t\t\t<\/div>\n\t\t\t\t\t\t\t\t\t<\/div>\n\t\t  <\/div>\n\t\t\t\t\t\n\t\t<div style=\"background-image:url(https:\/\/www.jeffersondentalclinics.com\/wp-content\/uploads\/2022\/03\/20211010-DSC08499-edited.jpg) !important\" class=\"image-container \">\n\n\t\t<\/div>\n\t\t\t  <\/div>\n\t  \t\n  <\/div>\n<\/section>\n\n\n\n<div class=\"wp-block-group bodyparts-container\"><div class=\"wp-block-group__inner-container is-layout-flow wp-block-group-is-layout-flow\">\n<div class=\"wp-block-group\"><div class=\"wp-block-group__inner-container is-layout-flow wp-block-group-is-layout-flow\">\n<div class=\"wp-block-image\"><figure class=\"aligncenter size-thumbnail\"><img loading=\"lazy\" decoding=\"async\" width=\"150\" height=\"150\" src=\"https:\/\/www.jeffersondentalclinics.com\/wp-content\/uploads\/2022\/03\/JDO-BodyIcons-05-150x150.png\" alt=\"Icono del cerebro\" class=\"wp-image-14695\" title=\"Icono del cerebro\" srcset=\"https:\/\/www.jeffersondentalclinics.com\/wp-content\/uploads\/2022\/03\/JDO-BodyIcons-05-150x150.png 150w, https:\/\/www.jeffersondentalclinics.com\/wp-content\/uploads\/2022\/03\/JDO-BodyIcons-05-300x300.png 300w, https:\/\/www.jeffersondentalclinics.com\/wp-content\/uploads\/2022\/03\/JDO-BodyIcons-05.png 601w\" sizes=\"(max-width: 150px) 100vw, 150px\" \/><\/figure><\/div>\n\n\n\n<h2 class=\"has-text-align-center wp-block-heading\" style=\"text-transform:uppercase\"><strong>ALZHEIMER Y DEMENCIA<\/strong><\/h2>\n\n\n\n<p class=\"has-text-align-center\">Las investigaciones demuestran que las personas con enfermedades cr\u00f3nicas de las enc\u00edas durante m\u00e1s de 10 a\u00f1os tienen un 70% m\u00e1s de riesgo de desarrollar Alzheimer.<\/p>\n\n\n\n<p class=\"has-text-align-center\">\u2014 INVESTIGACI\u00d3N Y TERAPIA DEL ALZHEIMER<\/p>\n<\/div><\/div>\n\n\n\n<div class=\"wp-block-group\"><div class=\"wp-block-group__inner-container is-layout-flow wp-block-group-is-layout-flow\">\n<div class=\"wp-block-image\"><figure class=\"aligncenter size-thumbnail\"><img loading=\"lazy\" decoding=\"async\" width=\"150\" height=\"150\" src=\"https:\/\/www.jeffersondentalclinics.com\/wp-content\/uploads\/2022\/03\/JDO-BodyIcons-05-150x150.png\" alt=\"Icono del cerebro\" class=\"wp-image-14695\" title=\"Icono del cerebro\" srcset=\"https:\/\/www.jeffersondentalclinics.com\/wp-content\/uploads\/2022\/03\/JDO-BodyIcons-05-150x150.png 150w, https:\/\/www.jeffersondentalclinics.com\/wp-content\/uploads\/2022\/03\/JDO-BodyIcons-05-300x300.png 300w, https:\/\/www.jeffersondentalclinics.com\/wp-content\/uploads\/2022\/03\/JDO-BodyIcons-05.png 601w\" sizes=\"(max-width: 150px) 100vw, 150px\" \/><\/figure><\/div>\n\n\n\n<h2 class=\"has-text-align-center wp-block-heading\" style=\"text-transform:uppercase\"><strong>ACCIDENTE CEREBROVASCULAR<\/strong><\/h2>\n\n\n\n<p class=\"has-text-align-center\">Las personas con enfermedades de las enc\u00edas tienen 3 veces m\u00e1s probabilidades de morir de un accidente cerebrovascular.<\/p>\n\n\n\n<p class=\"has-text-align-center\">\u2014 MAYO CLINIC<\/p>\n<\/div><\/div>\n\n\n\n<div class=\"wp-block-group\"><div class=\"wp-block-group__inner-container is-layout-flow wp-block-group-is-layout-flow\">\n<div class=\"wp-block-image\"><figure class=\"aligncenter size-thumbnail\"><img loading=\"lazy\" decoding=\"async\" width=\"150\" height=\"150\" src=\"https:\/\/www.jeffersondentalclinics.com\/wp-content\/uploads\/2022\/03\/JDO-BodyIcons-06-150x150.png\" alt=\"\" class=\"wp-image-14697\" title=\"Icono del cerebro\" srcset=\"https:\/\/www.jeffersondentalclinics.com\/wp-content\/uploads\/2022\/03\/JDO-BodyIcons-06-150x150.png 150w, https:\/\/www.jeffersondentalclinics.com\/wp-content\/uploads\/2022\/03\/JDO-BodyIcons-06-300x300.png 300w, https:\/\/www.jeffersondentalclinics.com\/wp-content\/uploads\/2022\/03\/JDO-BodyIcons-06.png 601w\" sizes=\"(max-width: 150px) 100vw, 150px\" \/><\/figure><\/div>\n\n\n\n<h2 class=\"has-text-align-center wp-block-heading\" style=\"text-transform:uppercase\"><strong>ENFERMEDADES RESPIRATORIAS<\/strong><\/h2>\n\n\n\n<p class=\"has-text-align-center\">Una mala higiene oral puede aumentar el riesgo de neumon\u00eda e infecciones respiratorias.<\/p>\n\n\n\n<p class=\"has-text-align-center\">\u2014 REVISTA DE LA ASOCIACI\u00d3N DENTAL AMERICANA<\/p>\n<\/div><\/div>\n\n\n\n<div class=\"wp-block-group\"><div class=\"wp-block-group__inner-container is-layout-flow wp-block-group-is-layout-flow\">\n<div class=\"wp-block-image\"><figure class=\"aligncenter size-thumbnail\"><img loading=\"lazy\" decoding=\"async\" width=\"150\" height=\"150\" src=\"https:\/\/www.jeffersondentalclinics.com\/wp-content\/uploads\/2022\/03\/JDO-BodyIcons-10-150x150.png\" alt=\"\" class=\"wp-image-14705\" title=\"Icono del cerebro\" srcset=\"https:\/\/www.jeffersondentalclinics.com\/wp-content\/uploads\/2022\/03\/JDO-BodyIcons-10-150x150.png 150w, https:\/\/www.jeffersondentalclinics.com\/wp-content\/uploads\/2022\/03\/JDO-BodyIcons-10-300x300.png 300w, https:\/\/www.jeffersondentalclinics.com\/wp-content\/uploads\/2022\/03\/JDO-BodyIcons-10.png 601w\" sizes=\"(max-width: 150px) 100vw, 150px\" \/><\/figure><\/div>\n\n\n\n<h2 class=\"has-text-align-center wp-block-heading\" style=\"text-transform:uppercase\"><strong>ENFERMEDAD CARD\u00cdACA<\/strong><\/h2>\n\n\n\n<p class=\"has-text-align-center\">Las personas con enfermedades de las enc\u00edas tienen el doble de probabilidades de morir de un ataque al coraz\u00f3n.<\/p>\n\n\n\n<p class=\"has-text-align-center\">\u2014 MAYO CLINIC<\/p>\n<\/div><\/div>\n\n\n\n<div class=\"wp-block-group\"><div class=\"wp-block-group__inner-container is-layout-flow wp-block-group-is-layout-flow\">\n<div class=\"wp-block-image\"><figure class=\"aligncenter size-thumbnail\"><img loading=\"lazy\" decoding=\"async\" width=\"150\" height=\"150\" src=\"https:\/\/www.jeffersondentalclinics.com\/wp-content\/uploads\/2022\/03\/JDO-BodyIcons-07-150x150.png\" alt=\"\" class=\"wp-image-14699\" title=\"Icono del cerebro\" srcset=\"https:\/\/www.jeffersondentalclinics.com\/wp-content\/uploads\/2022\/03\/JDO-BodyIcons-07-150x150.png 150w, https:\/\/www.jeffersondentalclinics.com\/wp-content\/uploads\/2022\/03\/JDO-BodyIcons-07-300x300.png 300w, https:\/\/www.jeffersondentalclinics.com\/wp-content\/uploads\/2022\/03\/JDO-BodyIcons-07.png 601w\" sizes=\"(max-width: 150px) 100vw, 150px\" \/><\/figure><\/div>\n\n\n\n<h2 class=\"has-text-align-center wp-block-heading\" style=\"text-transform:uppercase\">OBESIDAD<\/h2>\n\n\n\n<p class=\"has-text-align-center\">Ser obeso aumenta significativamente el riesgo de enfermedad periodontal.<\/p>\n\n\n\n<p class=\"has-text-align-center\">\u2014 ASOCIACI\u00d3N INTERNACIONAL DE INVESTIGACI\u00d3N DENTAL<\/p>\n<\/div><\/div>\n\n\n\n<div class=\"wp-block-group\"><div class=\"wp-block-group__inner-container is-layout-flow wp-block-group-is-layout-flow\">\n<div class=\"wp-block-image\"><figure class=\"aligncenter size-thumbnail\"><img loading=\"lazy\" decoding=\"async\" width=\"150\" height=\"150\" src=\"https:\/\/www.jeffersondentalclinics.com\/wp-content\/uploads\/2022\/03\/JDO-BodyIcons-11-150x150.png\" alt=\"\" class=\"wp-image-14707\" title=\"Icono del cerebro\" srcset=\"https:\/\/www.jeffersondentalclinics.com\/wp-content\/uploads\/2022\/03\/JDO-BodyIcons-11-150x150.png 150w, https:\/\/www.jeffersondentalclinics.com\/wp-content\/uploads\/2022\/03\/JDO-BodyIcons-11-300x300.png 300w, https:\/\/www.jeffersondentalclinics.com\/wp-content\/uploads\/2022\/03\/JDO-BodyIcons-11.png 601w\" sizes=\"(max-width: 150px) 100vw, 150px\" \/><\/figure><\/div>\n\n\n\n<h2 class=\"has-text-align-center wp-block-heading\" style=\"text-transform:uppercase\"><strong>SEXUAL Y REPRODUCTIVA<\/strong><\/h2>\n\n\n\n<p class=\"has-text-align-center\">La enfermedad de las enc\u00edas se ha relacionado con la preeclampsia, el bajo peso al nacer, los problemas de fertilidad y la disfunci\u00f3n er\u00e9ctil.<\/p>\n\n\n\n<p class=\"has-text-align-center\">\u2014 FIGHTGUMDISEASE.COM<\/p>\n<\/div><\/div>\n\n\n\n<div class=\"wp-block-group\"><div class=\"wp-block-group__inner-container is-layout-flow wp-block-group-is-layout-flow\">\n<div class=\"wp-block-image\"><figure class=\"aligncenter size-thumbnail\"><img loading=\"lazy\" decoding=\"async\" width=\"150\" height=\"150\" src=\"https:\/\/www.jeffersondentalclinics.com\/wp-content\/uploads\/2022\/03\/JDO-BodyIcons-08-150x150.png\" alt=\"\" class=\"wp-image-14701\" title=\"Icono del cerebro\" srcset=\"https:\/\/www.jeffersondentalclinics.com\/wp-content\/uploads\/2022\/03\/JDO-BodyIcons-08-150x150.png 150w, https:\/\/www.jeffersondentalclinics.com\/wp-content\/uploads\/2022\/03\/JDO-BodyIcons-08-300x300.png 300w, https:\/\/www.jeffersondentalclinics.com\/wp-content\/uploads\/2022\/03\/JDO-BodyIcons-08.png 601w\" sizes=\"(max-width: 150px) 100vw, 150px\" \/><\/figure><\/div>\n\n\n\n<h2 class=\"has-text-align-center wp-block-heading\" style=\"text-transform:uppercase\"><strong>CANCER<\/strong><\/h2>\n\n\n\n<p class=\"has-text-align-center\">Los hombres y mujeres con antecedentes de enfermedad de las enc\u00edas tienen un 14% m\u00e1s de probabilidades de desarrollar c\u00e1ncer que aquellos con enc\u00edas sanas.<\/p>\n\n\n\n<p class=\"has-text-align-center\">\u2014 PERIO.ORG<\/p>\n<\/div><\/div>\n\n\n\n<div class=\"wp-block-group\"><div class=\"wp-block-group__inner-container is-layout-flow wp-block-group-is-layout-flow\">\n<div class=\"wp-block-image\"><figure class=\"aligncenter size-thumbnail\"><img loading=\"lazy\" decoding=\"async\" width=\"150\" height=\"150\" src=\"https:\/\/www.jeffersondentalclinics.com\/wp-content\/uploads\/2022\/03\/JDO-BodyIcons-12-150x150.png\" alt=\"\" class=\"wp-image-14710\" title=\"Icono del cerebro\" srcset=\"https:\/\/www.jeffersondentalclinics.com\/wp-content\/uploads\/2022\/03\/JDO-BodyIcons-12-150x150.png 150w, https:\/\/www.jeffersondentalclinics.com\/wp-content\/uploads\/2022\/03\/JDO-BodyIcons-12-300x300.png 300w, https:\/\/www.jeffersondentalclinics.com\/wp-content\/uploads\/2022\/03\/JDO-BodyIcons-12.png 601w\" sizes=\"(max-width: 150px) 100vw, 150px\" \/><\/figure><\/div>\n\n\n\n<h2 class=\"has-text-align-center wp-block-heading\" style=\"text-transform:uppercase\">DIABETES<\/h2>\n\n\n\n<p class=\"has-text-align-center\">La diabetes y el sangrado de las enc\u00edas aumentan el riesgo de muerte prematura en un 400-700%.<\/p>\n\n\n\n<p class=\"has-text-align-center\">\u2014 ACADEMIA AMERICANA DE SALUD ORAL SIST\u00c9MICA<\/p>\n<\/div><\/div>\n\n\n\n<div class=\"wp-block-group\"><div class=\"wp-block-group__inner-container is-layout-flow wp-block-group-is-layout-flow\">\n<div class=\"wp-block-image\"><figure class=\"aligncenter size-thumbnail\"><img loading=\"lazy\" decoding=\"async\" width=\"150\" height=\"150\" src=\"https:\/\/www.jeffersondentalclinics.com\/wp-content\/uploads\/2022\/03\/JDO-BodyIcons-09-150x150.png\" alt=\"\" class=\"wp-image-14703\" title=\"Icono del cerebro\" srcset=\"https:\/\/www.jeffersondentalclinics.com\/wp-content\/uploads\/2022\/03\/JDO-BodyIcons-09-150x150.png 150w, https:\/\/www.jeffersondentalclinics.com\/wp-content\/uploads\/2022\/03\/JDO-BodyIcons-09-300x300.png 300w, https:\/\/www.jeffersondentalclinics.com\/wp-content\/uploads\/2022\/03\/JDO-BodyIcons-09.png 601w\" sizes=\"(max-width: 150px) 100vw, 150px\" \/><\/figure><\/div>\n\n\n\n<h2 class=\"has-text-align-center wp-block-heading\" style=\"text-transform:uppercase\">osteoporosis<\/h2>\n\n\n\n<p class=\"has-text-align-center\">Los estudios muestran una conexi\u00f3n significativa entre la enfermedad periodontal y la osteoporosis, especialmente en las mujeres.<\/p>\n\n\n\n<p class=\"has-text-align-center\">\u2014 BASE DE DATOS DE INVETSIGACI\u00d3N DEL SEGURO M\u00c9DICO NACIONAL<\/p>\n<\/div><\/div>\n\n\n\n<div class=\"wp-block-group\"><div class=\"wp-block-group__inner-container is-layout-flow wp-block-group-is-layout-flow\">\n<div class=\"wp-block-image\"><figure class=\"aligncenter size-thumbnail\"><img loading=\"lazy\" decoding=\"async\" width=\"150\" height=\"150\" src=\"https:\/\/www.jeffersondentalclinics.com\/wp-content\/uploads\/2022\/03\/JDO-BodyIcons-09-150x150.png\" alt=\"\" class=\"wp-image-14703\" title=\"Icono del cerebro\" srcset=\"https:\/\/www.jeffersondentalclinics.com\/wp-content\/uploads\/2022\/03\/JDO-BodyIcons-09-150x150.png 150w, https:\/\/www.jeffersondentalclinics.com\/wp-content\/uploads\/2022\/03\/JDO-BodyIcons-09-300x300.png 300w, https:\/\/www.jeffersondentalclinics.com\/wp-content\/uploads\/2022\/03\/JDO-BodyIcons-09.png 601w\" sizes=\"(max-width: 150px) 100vw, 150px\" \/><\/figure><\/div>\n\n\n\n<h2 class=\"has-text-align-center wp-block-heading\" style=\"text-transform:uppercase\">artritis reumatoide<\/h2>\n\n\n\n<p class=\"has-text-align-center\">Estudios han encontrado una asociaci\u00f3n entre la enfermedad de las enc\u00edas y la artritis reumatoide.<\/p>\n\n\n\n<p class=\"has-text-align-center\">\u2014 ACADEMIA AMERICANA DE M\u00c9DICOS DE FAMILIA<\/p>\n<\/div><\/div>\n<\/div><\/div>\n\n\n\n<div class=\"wp-block-group has-background\" style=\"background-color:#1f3b61\"><div class=\"wp-block-group__inner-container is-layout-flow wp-block-group-is-layout-flow\">\n<div style=\"height:20px\" aria-hidden=\"true\" class=\"wp-block-spacer\"><\/div>\n\n\n\n<h2 class=\"has-text-align-center has-white-color has-text-color wp-block-heading\">\u00bf<strong>Quiere aprender m\u00e1s sobre la conexi\u00f3n entre su boca y su cuerpo<\/strong>?<\/h2>\n\n\n\n<div style=\"height:20px\" aria-hidden=\"true\" class=\"wp-block-spacer\"><\/div>\n\n\n\n<div class=\"wp-block-buttons is-content-justification-center is-layout-flex wp-container-core-buttons-is-layout-16018d1d wp-block-buttons-is-layout-flex\">\n<div class=\"wp-block-button\"><a class=\"wp-block-button__link has-text-color has-background\" href=\"#location\" style=\"background-color:#76e8c4;color:#1f3b61\"><span class=\"uppercase\"><strong>RESERVE SU CITA<\/strong><\/span><\/a><\/div>\n<\/div>\n\n\n\n<div style=\"height:20px\" aria-hidden=\"true\" class=\"wp-block-spacer\"><\/div>\n<\/div><\/div>\n","protected":false},"excerpt":{"rendered":"<p>ALZHEIMER Y DEMENCIA Las investigaciones demuestran que las personas con enfermedades cr\u00f3nicas de las enc\u00edas durante&hellip;<\/p>\n","protected":false},"author":45,"featured_media":0,"parent":0,"menu_order":0,"comment_status":"closed","ping_status":"closed","template":"page_templates\/template-gutenberg-full-width.php","meta":{"_acf_changed":false,"_et_pb_use_builder":"","_et_pb_old_content":"","_et_gb_content_width":"","_genesis_hide_title":false,"_genesis_hide_breadcrumbs":false,"_genesis_hide_singular_image":false,"_genesis_hide_footer_widgets":false,"_genesis_custom_body_class":"","_genesis_custom_post_class":"","_genesis_layout":"","footnotes":""},"class_list":{"0":"post-14729","1":"page","2":"type-page","3":"status-publish","5":"entry","6":"has-post-thumbnail","7":"col-md-4 col-sm-6 col-sx-12 not-first"},"acf":[],"yoast_head":"<!-- This site is optimized with the Yoast SEO plugin v26.3 - https:\/\/yoast.com\/wordpress\/plugins\/seo\/ -->\n<title>Conexi\u00f3n del Cuerpo de la Boca | Jefferson Dental &amp; Orthodontics<\/title>\n<meta name=\"description\" content=\"ALZHEIMER Y DEMENCIA Las investigaciones demuestran que las personas con enfermedades cr\u00f3nicas de las enc\u00edas durante m\u00e1s de 10 a\u00f1os tienen un 70% m\u00e1s de\" \/>\n<meta name=\"robots\" content=\"index, follow, max-snippet:-1, max-image-preview:large, max-video-preview:-1\" \/>\n<link rel=\"canonical\" href=\"https:\/\/www.jeffersondentalclinics.com\/es\/conexion-boca-cuerpo\" \/>\n<meta property=\"og:locale\" content=\"es_ES\" \/>\n<meta property=\"og:type\" content=\"article\" \/>\n<meta property=\"og:title\" content=\"Conexi\u00f3n del Cuerpo de la Boca | Jefferson Dental &amp; Orthodontics\" \/>\n<meta property=\"og:description\" content=\"ALZHEIMER Y DEMENCIA Las investigaciones demuestran que las personas con enfermedades cr\u00f3nicas de las enc\u00edas durante m\u00e1s de 10 a\u00f1os tienen un 70% m\u00e1s de\" \/>\n<meta property=\"og:url\" content=\"https:\/\/www.jeffersondentalclinics.com\/es\/conexion-boca-cuerpo\" \/>\n<meta property=\"og:site_name\" content=\"Jefferson Dental &amp; Orthodontics\" \/>\n<meta property=\"article:publisher\" content=\"https:\/\/www.facebook.com\/jeffersondental\/\" \/>\n<meta property=\"article:modified_time\" content=\"2022-03-31T20:29:38+00:00\" \/>\n<meta property=\"og:image\" content=\"https:\/\/www.jeffersondentalclinics.com\/wp-content\/uploads\/2022\/03\/JDO-BodyIcons-05-150x150.png\" \/>\n<meta name=\"twitter:card\" content=\"summary_large_image\" \/>\n<meta name=\"twitter:label1\" content=\"Tiempo de lectura\" \/>\n\t<meta name=\"twitter:data1\" content=\"4 minutos\" \/>\n<script type=\"application\/ld+json\" class=\"yoast-schema-graph\">{\"@context\":\"https:\/\/schema.org\",\"@graph\":[{\"@type\":\"WebPage\",\"@id\":\"https:\/\/www.jeffersondentalclinics.com\/es\/conexion-boca-cuerpo\",\"url\":\"https:\/\/www.jeffersondentalclinics.com\/es\/conexion-boca-cuerpo\",\"name\":\"Conexi\u00f3n del Cuerpo de la Boca | Jefferson Dental &amp; Orthodontics\",\"isPartOf\":{\"@id\":\"https:\/\/www.jeffersondentalclinics.com\/es#website\"},\"primaryImageOfPage\":{\"@id\":\"https:\/\/www.jeffersondentalclinics.com\/es\/conexion-boca-cuerpo#primaryimage\"},\"image\":{\"@id\":\"https:\/\/www.jeffersondentalclinics.com\/es\/conexion-boca-cuerpo#primaryimage\"},\"thumbnailUrl\":\"https:\/\/www.jeffersondentalclinics.com\/wp-content\/uploads\/2022\/03\/JDO-BodyIcons-05-150x150.png\",\"datePublished\":\"2022-03-30T19:23:37+00:00\",\"dateModified\":\"2022-03-31T20:29:38+00:00\",\"description\":\"ALZHEIMER Y DEMENCIA Las investigaciones demuestran que las personas con enfermedades cr\u00f3nicas de las enc\u00edas durante m\u00e1s de 10 a\u00f1os tienen un 70% m\u00e1s de\",\"breadcrumb\":{\"@id\":\"https:\/\/www.jeffersondentalclinics.com\/es\/conexion-boca-cuerpo#breadcrumb\"},\"inLanguage\":\"es\",\"potentialAction\":[{\"@type\":\"ReadAction\",\"target\":[\"https:\/\/www.jeffersondentalclinics.com\/es\/conexion-boca-cuerpo\"]}]},{\"@type\":\"ImageObject\",\"inLanguage\":\"es\",\"@id\":\"https:\/\/www.jeffersondentalclinics.com\/es\/conexion-boca-cuerpo#primaryimage\",\"url\":\"https:\/\/www.jeffersondentalclinics.com\/wp-content\/uploads\/2022\/03\/JDO-BodyIcons-05-150x150.png\",\"contentUrl\":\"https:\/\/www.jeffersondentalclinics.com\/wp-content\/uploads\/2022\/03\/JDO-BodyIcons-05-150x150.png\"},{\"@type\":\"BreadcrumbList\",\"@id\":\"https:\/\/www.jeffersondentalclinics.com\/es\/conexion-boca-cuerpo#breadcrumb\",\"itemListElement\":[{\"@type\":\"ListItem\",\"position\":1,\"name\":\"Home\",\"item\":\"https:\/\/www.jeffersondentalclinics.com\/es\"},{\"@type\":\"ListItem\",\"position\":2,\"name\":\"Conexi\u00f3n del Cuerpo de la Boca\"}]},{\"@type\":\"WebSite\",\"@id\":\"https:\/\/www.jeffersondentalclinics.com\/es#website\",\"url\":\"https:\/\/www.jeffersondentalclinics.com\/es\",\"name\":\"Jefferson Dental &amp; Orthodontics\",\"description\":\"\",\"publisher\":{\"@id\":\"https:\/\/www.jeffersondentalclinics.com\/es#organization\"},\"potentialAction\":[{\"@type\":\"SearchAction\",\"target\":{\"@type\":\"EntryPoint\",\"urlTemplate\":\"https:\/\/www.jeffersondentalclinics.com\/es?s={search_term_string}\"},\"query-input\":{\"@type\":\"PropertyValueSpecification\",\"valueRequired\":true,\"valueName\":\"search_term_string\"}}],\"inLanguage\":\"es\"},{\"@type\":\"Organization\",\"@id\":\"https:\/\/www.jeffersondentalclinics.com\/es#organization\",\"name\":\"Jefferson Dental & Orthodontics\",\"url\":\"https:\/\/www.jeffersondentalclinics.com\/es\",\"logo\":{\"@type\":\"ImageObject\",\"inLanguage\":\"es\",\"@id\":\"https:\/\/www.jeffersondentalclinics.com\/es#\/schema\/logo\/image\/\",\"url\":\"https:\/\/www.jeffersondentalclinics.com\/wp-content\/uploads\/2018\/01\/JDCare-Blue-Logo-Color-Tooth.png\",\"contentUrl\":\"https:\/\/www.jeffersondentalclinics.com\/wp-content\/uploads\/2018\/01\/JDCare-Blue-Logo-Color-Tooth.png\",\"width\":1920,\"height\":441,\"caption\":\"Jefferson Dental & Orthodontics\"},\"image\":{\"@id\":\"https:\/\/www.jeffersondentalclinics.com\/es#\/schema\/logo\/image\/\"},\"sameAs\":[\"https:\/\/www.facebook.com\/jeffersondental\/\"]}]}<\/script>\n<!-- \/ Yoast SEO plugin. -->","yoast_head_json":{"title":"Conexi\u00f3n del Cuerpo de la Boca | Jefferson Dental &amp; Orthodontics","description":"ALZHEIMER Y DEMENCIA Las investigaciones demuestran que las personas con enfermedades cr\u00f3nicas de las enc\u00edas durante m\u00e1s de 10 a\u00f1os tienen un 70% m\u00e1s de","robots":{"index":"index","follow":"follow","max-snippet":"max-snippet:-1","max-image-preview":"max-image-preview:large","max-video-preview":"max-video-preview:-1"},"canonical":"https:\/\/www.jeffersondentalclinics.com\/es\/conexion-boca-cuerpo","og_locale":"es_ES","og_type":"article","og_title":"Conexi\u00f3n del Cuerpo de la Boca | Jefferson Dental &amp; Orthodontics","og_description":"ALZHEIMER Y DEMENCIA Las investigaciones demuestran que las personas con enfermedades cr\u00f3nicas de las enc\u00edas durante m\u00e1s de 10 a\u00f1os tienen un 70% m\u00e1s de","og_url":"https:\/\/www.jeffersondentalclinics.com\/es\/conexion-boca-cuerpo","og_site_name":"Jefferson Dental &amp; Orthodontics","article_publisher":"https:\/\/www.facebook.com\/jeffersondental\/","article_modified_time":"2022-03-31T20:29:38+00:00","og_image":[{"url":"https:\/\/www.jeffersondentalclinics.com\/wp-content\/uploads\/2022\/03\/JDO-BodyIcons-05-150x150.png","type":"","width":"","height":""}],"twitter_card":"summary_large_image","twitter_misc":{"Tiempo de lectura":"4 minutos"},"schema":{"@context":"https:\/\/schema.org","@graph":[{"@type":"WebPage","@id":"https:\/\/www.jeffersondentalclinics.com\/es\/conexion-boca-cuerpo","url":"https:\/\/www.jeffersondentalclinics.com\/es\/conexion-boca-cuerpo","name":"Conexi\u00f3n del Cuerpo de la Boca | Jefferson Dental &amp; Orthodontics","isPartOf":{"@id":"https:\/\/www.jeffersondentalclinics.com\/es#website"},"primaryImageOfPage":{"@id":"https:\/\/www.jeffersondentalclinics.com\/es\/conexion-boca-cuerpo#primaryimage"},"image":{"@id":"https:\/\/www.jeffersondentalclinics.com\/es\/conexion-boca-cuerpo#primaryimage"},"thumbnailUrl":"https:\/\/www.jeffersondentalclinics.com\/wp-content\/uploads\/2022\/03\/JDO-BodyIcons-05-150x150.png","datePublished":"2022-03-30T19:23:37+00:00","dateModified":"2022-03-31T20:29:38+00:00","description":"ALZHEIMER Y DEMENCIA Las investigaciones demuestran que las personas con enfermedades cr\u00f3nicas de las enc\u00edas durante m\u00e1s de 10 a\u00f1os tienen un 70% m\u00e1s de","breadcrumb":{"@id":"https:\/\/www.jeffersondentalclinics.com\/es\/conexion-boca-cuerpo#breadcrumb"},"inLanguage":"es","potentialAction":[{"@type":"ReadAction","target":["https:\/\/www.jeffersondentalclinics.com\/es\/conexion-boca-cuerpo"]}]},{"@type":"ImageObject","inLanguage":"es","@id":"https:\/\/www.jeffersondentalclinics.com\/es\/conexion-boca-cuerpo#primaryimage","url":"https:\/\/www.jeffersondentalclinics.com\/wp-content\/uploads\/2022\/03\/JDO-BodyIcons-05-150x150.png","contentUrl":"https:\/\/www.jeffersondentalclinics.com\/wp-content\/uploads\/2022\/03\/JDO-BodyIcons-05-150x150.png"},{"@type":"BreadcrumbList","@id":"https:\/\/www.jeffersondentalclinics.com\/es\/conexion-boca-cuerpo#breadcrumb","itemListElement":[{"@type":"ListItem","position":1,"name":"Home","item":"https:\/\/www.jeffersondentalclinics.com\/es"},{"@type":"ListItem","position":2,"name":"Conexi\u00f3n del Cuerpo de la Boca"}]},{"@type":"WebSite","@id":"https:\/\/www.jeffersondentalclinics.com\/es#website","url":"https:\/\/www.jeffersondentalclinics.com\/es","name":"Jefferson Dental &amp; Orthodontics","description":"","publisher":{"@id":"https:\/\/www.jeffersondentalclinics.com\/es#organization"},"potentialAction":[{"@type":"SearchAction","target":{"@type":"EntryPoint","urlTemplate":"https:\/\/www.jeffersondentalclinics.com\/es?s={search_term_string}"},"query-input":{"@type":"PropertyValueSpecification","valueRequired":true,"valueName":"search_term_string"}}],"inLanguage":"es"},{"@type":"Organization","@id":"https:\/\/www.jeffersondentalclinics.com\/es#organization","name":"Jefferson Dental & Orthodontics","url":"https:\/\/www.jeffersondentalclinics.com\/es","logo":{"@type":"ImageObject","inLanguage":"es","@id":"https:\/\/www.jeffersondentalclinics.com\/es#\/schema\/logo\/image\/","url":"https:\/\/www.jeffersondentalclinics.com\/wp-content\/uploads\/2018\/01\/JDCare-Blue-Logo-Color-Tooth.png","contentUrl":"https:\/\/www.jeffersondentalclinics.com\/wp-content\/uploads\/2018\/01\/JDCare-Blue-Logo-Color-Tooth.png","width":1920,"height":441,"caption":"Jefferson Dental & Orthodontics"},"image":{"@id":"https:\/\/www.jeffersondentalclinics.com\/es#\/schema\/logo\/image\/"},"sameAs":["https:\/\/www.facebook.com\/jeffersondental\/"]}]}},"_links":{"self":[{"href":"https:\/\/www.jeffersondentalclinics.com\/es\/wp-json\/wp\/v2\/pages\/14729","targetHints":{"allow":["GET"]}}],"collection":[{"href":"https:\/\/www.jeffersondentalclinics.com\/es\/wp-json\/wp\/v2\/pages"}],"about":[{"href":"https:\/\/www.jeffersondentalclinics.com\/es\/wp-json\/wp\/v2\/types\/page"}],"author":[{"embeddable":true,"href":"https:\/\/www.jeffersondentalclinics.com\/es\/wp-json\/wp\/v2\/users\/45"}],"replies":[{"embeddable":true,"href":"https:\/\/www.jeffersondentalclinics.com\/es\/wp-json\/wp\/v2\/comments?post=14729"}],"version-history":[{"count":0,"href":"https:\/\/www.jeffersondentalclinics.com\/es\/wp-json\/wp\/v2\/pages\/14729\/revisions"}],"wp:attachment":[{"href":"https:\/\/www.jeffersondentalclinics.com\/es\/wp-json\/wp\/v2\/media?parent=14729"}],"curies":[{"name":"wp","href":"https:\/\/api.w.org\/{rel}","templated":true}]}}